{"id":932,"date":"2026-02-04T07:13:01","date_gmt":"2026-02-04T07:13:01","guid":{"rendered":"https:\/\/saspow.edu.pl\/?page_id=932"},"modified":"2026-02-23T11:23:31","modified_gmt":"2026-02-23T11:23:31","slug":"rekrutacja-2026-2027","status":"publish","type":"page","link":"https:\/\/saspow.edu.pl\/index.php\/rekrutacja-2026-2027\/","title":{"rendered":"Rekrutacja 2026\/2027"},"content":{"rendered":"<div class=\"wpb-content-wrapper\"><p>[vc_row][vc_column][vc_column_text css=&#8221;&#8221;]Dyrektor Zespo\u0142u Szkolno- Przedszkolnego w S\u0105spowie ustala termin sk\u0142adania deklaracji o kontynuowaniu wychowania przedszkolnego w kolejnym roku szkolnym 2026\/2027 na\u00a0 7 dni przed og\u0142oszonym pocz\u0105tkiem rekrutacji czyli do 12.02.2026r.[\/vc_column_text][\/vc_column][\/vc_row][vc_row][vc_column width=&#8221;1\/4&#8243;][vc_btn title=&#8221;O\u015bwiadczenie woli przyj\u0119cia&#8221; color=&#8221;green&#8221; css=&#8221;&#8221; link=&#8221;url:https%3A%2F%2Fsaspow.edu.pl%2Fwp-content%2Fuploads%2F2026%2F02%2FOswiadczenie-woli-przyjecia.docx&#8221;][vc_btn title=&#8221;Regulamin oddzia\u0142 przedszkolny&#8221; color=&#8221;green&#8221; css=&#8221;&#8221; link=&#8221;url:https%3A%2F%2Fsaspow.edu.pl%2Fwp-content%2Fuploads%2F2026%2F02%2FRegulamin_rekrutacji_Oddzial-Przedszkolny-2026.docx&#8221;][\/vc_column][vc_column width=&#8221;1\/4&#8243;][vc_btn title=&#8221;Uchwa\u0142a Rady Gminy&#8221; color=&#8221;green&#8221; css=&#8221;&#8221; link=&#8221;url:https%3A%2F%2Fsaspow.edu.pl%2Fwp-content%2Fuploads%2F2026%2F02%2Fp-Uchwala_Rady_Gminy_-_Rekrutacja_do_przedszkola-2026.pdf&#8221;][vc_btn title=&#8221;Zarz\u0105dzenie W\u00f3jta&#8221; color=&#8221;green&#8221; css=&#8221;&#8221; link=&#8221;url:https%3A%2F%2Fsaspow.edu.pl%2Fwp-content%2Fuploads%2F2026%2F02%2FZarzadzenie-Wojta-Gminy-6.2026.pdf&#8221;][\/vc_column][vc_column width=&#8221;1\/4&#8243;][vc_btn title=&#8221;Wniosek o przyj\u0119cie&#8221; color=&#8221;green&#8221; css=&#8221;&#8221; link=&#8221;url:https%3A%2F%2Fsaspow.edu.pl%2Fwp-content%2Fuploads%2F2026%2F02%2FWniosek_o_przyjecie_dziecka-2025-%E2%80%94-kopia-zweryfikowane-1.docx&#8221;][vc_btn title=&#8221;O\u015bwiadczenia&#8221; color=&#8221;green&#8221; css=&#8221;&#8221; link=&#8221;url:https%3A%2F%2Fsaspow.edu.pl%2Fwp-content%2Fuploads%2F2026%2F02%2FZaswiadczenia-i-oswiadczenia-rekrutacja-przedszkole-2026-zwryfikowane.docx&#8221;][\/vc_column][vc_column width=&#8221;1\/4&#8243;][vc_btn title=&#8221;Deklaracja o kontynuowaniu nauki&#8221; color=&#8221;green&#8221; css=&#8221;&#8221; link=&#8221;url:https%3A%2F%2Fsaspow.edu.pl%2Fwp-content%2Fuploads%2F2026%2F02%2FDeklaracja_o_kontunuowaniu_nauki_w_przedszkolu.docx-2-1.docx&#8221;][vc_btn title=&#8221;Regulamin przedszkole&#8221; color=&#8221;green&#8221; css=&#8221;&#8221; link=&#8221;url:https%3A%2F%2Fsaspow.edu.pl%2Fwp-content%2Fuploads%2F2026%2F02%2FRegulamin_rekrutacji_PRZEDSZKOLE-2026.docx&#8221;][\/vc_column][\/vc_row]<\/p>\n<\/div>","protected":false},"excerpt":{"rendered":"<p>[vc_row][vc_column][vc_column_text css=&#8221;&#8221;]Dyrektor Zespo\u0142u Szkolno- Przedszkolnego w S\u0105spowie ustala termin sk\u0142adania deklaracji o kontynuowaniu wychowania przedszkolnego w kolejnym roku szkolnym 2026\/2027 na\u00a0 7 dni przed og\u0142oszonym pocz\u0105tkiem rekrutacji czyli do 12.02.2026r.[\/vc_column_text][\/vc_column][\/vc_row][vc_row][vc_column width=&#8221;1\/4&#8243;][vc_btn title=&#8221;O\u015bwiadczenie woli przyj\u0119cia&#8221; color=&#8221;green&#8221; css=&#8221;&#8221; link=&#8221;url:https%3A%2F%2Fsaspow.edu.pl%2Fwp-content%2Fuploads%2F2026%2F02%2FOswiadczenie-woli-przyjecia.docx&#8221;][vc_btn title=&#8221;Regulamin oddzia\u0142 przedszkolny&#8221; color=&#8221;green&#8221; css=&#8221;&#8221; link=&#8221;url:https%3A%2F%2Fsaspow.edu.pl%2Fwp-content%2Fuploads%2F2026%2F02%2FRegulamin_rekrutacji_Oddzial-Przedszkolny-2026.docx&#8221;][\/vc_column][vc_column width=&#8221;1\/4&#8243;][vc_btn title=&#8221;Uchwa\u0142a Rady Gminy&#8221; color=&#8221;green&#8221; css=&#8221;&#8221; link=&#8221;url:https%3A%2F%2Fsaspow.edu.pl%2Fwp-content%2Fuploads%2F2026%2F02%2Fp-Uchwala_Rady_Gminy_-_Rekrutacja_do_przedszkola-2026.pdf&#8221;][vc_btn title=&#8221;Zarz\u0105dzenie W\u00f3jta&#8221; color=&#8221;green&#8221; css=&#8221;&#8221; link=&#8221;url:https%3A%2F%2Fsaspow.edu.pl%2Fwp-content%2Fuploads%2F2026%2F02%2FZarzadzenie-Wojta-Gminy-6.2026.pdf&#8221;][\/vc_column][vc_column&hellip;<\/p>\n","protected":false},"author":2,"featured_media":0,"parent":0,"menu_order":0,"comment_status":"closed","ping_status":"closed","template":"","meta":{"footnotes":""},"class_list":["post-932","page","type-page","status-publish","hentry","description-off"],"yoast_head":"<!-- This site is optimized with the Yoast SEO plugin v27.6 - https:\/\/yoast.com\/product\/yoast-seo-wordpress\/ -->\n<title>Rekrutacja Szko\u0142y Podstawowej w S\u0105spowie 2026 - Zesp&oacute;\u0142 Szkolno-Przedszkolny w S\u0105spowie<\/title>\n<meta name=\"description\" content=\"Poznaj szczeg\u00f3\u0142y rekrutacji do Szko\u0142y Podstawowej w S\u0105spowie. Sprawd\u017a terminy i dokumenty potrzebne do przyj\u0119cia.\" \/>\n<meta name=\"robots\" content=\"index, follow, max-snippet:-1, max-image-preview:large, max-video-preview:-1\" \/>\n<link rel=\"canonical\" href=\"https:\/\/saspow.edu.pl\/index.php\/rekrutacja-2026-2027\/\" \/>\n<meta property=\"og:locale\" content=\"pl_PL\" \/>\n<meta property=\"og:type\" content=\"article\" \/>\n<meta property=\"og:title\" content=\"Rekrutacja Szko\u0142y Podstawowej w S\u0105spowie 2026 - Zesp&oacute;\u0142 Szkolno-Przedszkolny w S\u0105spowie\" \/>\n<meta property=\"og:description\" content=\"Poznaj szczeg\u00f3\u0142y rekrutacji do Szko\u0142y Podstawowej w S\u0105spowie. Sprawd\u017a terminy i dokumenty potrzebne do przyj\u0119cia.\" \/>\n<meta property=\"og:url\" content=\"https:\/\/saspow.edu.pl\/index.php\/rekrutacja-2026-2027\/\" \/>\n<meta property=\"og:site_name\" content=\"Zesp&oacute;\u0142 Szkolno-Przedszkolny w S\u0105spowie\" \/>\n<meta property=\"article:publisher\" content=\"https:\/\/www.facebook.com\/profile.php?id=100057595683178\" \/>\n<meta property=\"article:modified_time\" content=\"2026-02-23T11:23:31+00:00\" \/>\n<meta name=\"twitter:card\" content=\"summary_large_image\" \/>\n<meta name=\"twitter:label1\" content=\"Szacowany czas czytania\" \/>\n\t<meta name=\"twitter:data1\" content=\"1 minuta\" \/>\n<script type=\"application\/ld+json\" class=\"yoast-schema-graph\">{\"@context\":\"https:\\\/\\\/schema.org\",\"@graph\":[{\"@type\":\"WebPage\",\"@id\":\"https:\\\/\\\/saspow.edu.pl\\\/index.php\\\/rekrutacja-2026-2027\\\/\",\"url\":\"https:\\\/\\\/saspow.edu.pl\\\/index.php\\\/rekrutacja-2026-2027\\\/\",\"name\":\"Rekrutacja Szko\u0142y Podstawowej w S\u0105spowie 2026 - Zesp&oacute;\u0142 Szkolno-Przedszkolny w S\u0105spowie\",\"isPartOf\":{\"@id\":\"https:\\\/\\\/saspow.edu.pl\\\/#website\"},\"datePublished\":\"2026-02-04T07:13:01+00:00\",\"dateModified\":\"2026-02-23T11:23:31+00:00\",\"description\":\"Poznaj szczeg\u00f3\u0142y rekrutacji do Szko\u0142y Podstawowej w S\u0105spowie. Sprawd\u017a terminy i dokumenty potrzebne do przyj\u0119cia.\",\"breadcrumb\":{\"@id\":\"https:\\\/\\\/saspow.edu.pl\\\/index.php\\\/rekrutacja-2026-2027\\\/#breadcrumb\"},\"inLanguage\":\"pl-PL\",\"potentialAction\":[{\"@type\":\"ReadAction\",\"target\":[\"https:\\\/\\\/saspow.edu.pl\\\/index.php\\\/rekrutacja-2026-2027\\\/\"]}]},{\"@type\":\"BreadcrumbList\",\"@id\":\"https:\\\/\\\/saspow.edu.pl\\\/index.php\\\/rekrutacja-2026-2027\\\/#breadcrumb\",\"itemListElement\":[{\"@type\":\"ListItem\",\"position\":1,\"name\":\"Strona g\u0142\u00f3wna\",\"item\":\"https:\\\/\\\/saspow.edu.pl\\\/\"},{\"@type\":\"ListItem\",\"position\":2,\"name\":\"Rekrutacja 2026\\\/2027\"}]},{\"@type\":\"WebSite\",\"@id\":\"https:\\\/\\\/saspow.edu.pl\\\/#website\",\"url\":\"https:\\\/\\\/saspow.edu.pl\\\/\",\"name\":\"Zesp\u00f3\u0142 Szkolno-Przedszkolny w S\u0105spowie\",\"description\":\"Zesp&oacute;\u0142 Szkolno-Przedszkolny w S\u0105spowie\",\"publisher\":{\"@id\":\"https:\\\/\\\/saspow.edu.pl\\\/#organization\"},\"potentialAction\":[{\"@type\":\"SearchAction\",\"target\":{\"@type\":\"EntryPoint\",\"urlTemplate\":\"https:\\\/\\\/saspow.edu.pl\\\/?s={search_term_string}\"},\"query-input\":{\"@type\":\"PropertyValueSpecification\",\"valueRequired\":true,\"valueName\":\"search_term_string\"}}],\"inLanguage\":\"pl-PL\"},{\"@type\":\"Organization\",\"@id\":\"https:\\\/\\\/saspow.edu.pl\\\/#organization\",\"name\":\"Zesp\u00f3\u0142 Szkolno-Przedszkolny w S\u0105spowie\",\"url\":\"https:\\\/\\\/saspow.edu.pl\\\/\",\"logo\":{\"@type\":\"ImageObject\",\"inLanguage\":\"pl-PL\",\"@id\":\"https:\\\/\\\/saspow.edu.pl\\\/#\\\/schema\\\/logo\\\/image\\\/\",\"url\":\"https:\\\/\\\/saspow.edu.pl\\\/wp-content\\\/uploads\\\/2025\\\/09\\\/250.png\",\"contentUrl\":\"https:\\\/\\\/saspow.edu.pl\\\/wp-content\\\/uploads\\\/2025\\\/09\\\/250.png\",\"width\":250,\"height\":97,\"caption\":\"Zesp\u00f3\u0142 Szkolno-Przedszkolny w S\u0105spowie\"},\"image\":{\"@id\":\"https:\\\/\\\/saspow.edu.pl\\\/#\\\/schema\\\/logo\\\/image\\\/\"},\"sameAs\":[\"https:\\\/\\\/www.facebook.com\\\/profile.php?id=100057595683178\"]}]}<\/script>\n<!-- \/ Yoast SEO plugin. -->","yoast_head_json":{"title":"Rekrutacja Szko\u0142y Podstawowej w S\u0105spowie 2026 - Zesp&oacute;\u0142 Szkolno-Przedszkolny w S\u0105spowie","description":"Poznaj szczeg\u00f3\u0142y rekrutacji do Szko\u0142y Podstawowej w S\u0105spowie. Sprawd\u017a terminy i dokumenty potrzebne do przyj\u0119cia.","robots":{"index":"index","follow":"follow","max-snippet":"max-snippet:-1","max-image-preview":"max-image-preview:large","max-video-preview":"max-video-preview:-1"},"canonical":"https:\/\/saspow.edu.pl\/index.php\/rekrutacja-2026-2027\/","og_locale":"pl_PL","og_type":"article","og_title":"Rekrutacja Szko\u0142y Podstawowej w S\u0105spowie 2026 - Zesp&oacute;\u0142 Szkolno-Przedszkolny w S\u0105spowie","og_description":"Poznaj szczeg\u00f3\u0142y rekrutacji do Szko\u0142y Podstawowej w S\u0105spowie. Sprawd\u017a terminy i dokumenty potrzebne do przyj\u0119cia.","og_url":"https:\/\/saspow.edu.pl\/index.php\/rekrutacja-2026-2027\/","og_site_name":"Zesp&oacute;\u0142 Szkolno-Przedszkolny w S\u0105spowie","article_publisher":"https:\/\/www.facebook.com\/profile.php?id=100057595683178","article_modified_time":"2026-02-23T11:23:31+00:00","twitter_card":"summary_large_image","twitter_misc":{"Szacowany czas czytania":"1 minuta"},"schema":{"@context":"https:\/\/schema.org","@graph":[{"@type":"WebPage","@id":"https:\/\/saspow.edu.pl\/index.php\/rekrutacja-2026-2027\/","url":"https:\/\/saspow.edu.pl\/index.php\/rekrutacja-2026-2027\/","name":"Rekrutacja Szko\u0142y Podstawowej w S\u0105spowie 2026 - Zesp&oacute;\u0142 Szkolno-Przedszkolny w S\u0105spowie","isPartOf":{"@id":"https:\/\/saspow.edu.pl\/#website"},"datePublished":"2026-02-04T07:13:01+00:00","dateModified":"2026-02-23T11:23:31+00:00","description":"Poznaj szczeg\u00f3\u0142y rekrutacji do Szko\u0142y Podstawowej w S\u0105spowie. Sprawd\u017a terminy i dokumenty potrzebne do przyj\u0119cia.","breadcrumb":{"@id":"https:\/\/saspow.edu.pl\/index.php\/rekrutacja-2026-2027\/#breadcrumb"},"inLanguage":"pl-PL","potentialAction":[{"@type":"ReadAction","target":["https:\/\/saspow.edu.pl\/index.php\/rekrutacja-2026-2027\/"]}]},{"@type":"BreadcrumbList","@id":"https:\/\/saspow.edu.pl\/index.php\/rekrutacja-2026-2027\/#breadcrumb","itemListElement":[{"@type":"ListItem","position":1,"name":"Strona g\u0142\u00f3wna","item":"https:\/\/saspow.edu.pl\/"},{"@type":"ListItem","position":2,"name":"Rekrutacja 2026\/2027"}]},{"@type":"WebSite","@id":"https:\/\/saspow.edu.pl\/#website","url":"https:\/\/saspow.edu.pl\/","name":"Zesp\u00f3\u0142 Szkolno-Przedszkolny w S\u0105spowie","description":"Zesp&oacute;\u0142 Szkolno-Przedszkolny w S\u0105spowie","publisher":{"@id":"https:\/\/saspow.edu.pl\/#organization"},"potentialAction":[{"@type":"SearchAction","target":{"@type":"EntryPoint","urlTemplate":"https:\/\/saspow.edu.pl\/?s={search_term_string}"},"query-input":{"@type":"PropertyValueSpecification","valueRequired":true,"valueName":"search_term_string"}}],"inLanguage":"pl-PL"},{"@type":"Organization","@id":"https:\/\/saspow.edu.pl\/#organization","name":"Zesp\u00f3\u0142 Szkolno-Przedszkolny w S\u0105spowie","url":"https:\/\/saspow.edu.pl\/","logo":{"@type":"ImageObject","inLanguage":"pl-PL","@id":"https:\/\/saspow.edu.pl\/#\/schema\/logo\/image\/","url":"https:\/\/saspow.edu.pl\/wp-content\/uploads\/2025\/09\/250.png","contentUrl":"https:\/\/saspow.edu.pl\/wp-content\/uploads\/2025\/09\/250.png","width":250,"height":97,"caption":"Zesp\u00f3\u0142 Szkolno-Przedszkolny w S\u0105spowie"},"image":{"@id":"https:\/\/saspow.edu.pl\/#\/schema\/logo\/image\/"},"sameAs":["https:\/\/www.facebook.com\/profile.php?id=100057595683178"]}]}},"_links":{"self":[{"href":"https:\/\/saspow.edu.pl\/index.php\/wp-json\/wp\/v2\/pages\/932","targetHints":{"allow":["GET"]}}],"collection":[{"href":"https:\/\/saspow.edu.pl\/index.php\/wp-json\/wp\/v2\/pages"}],"about":[{"href":"https:\/\/saspow.edu.pl\/index.php\/wp-json\/wp\/v2\/types\/page"}],"author":[{"embeddable":true,"href":"https:\/\/saspow.edu.pl\/index.php\/wp-json\/wp\/v2\/users\/2"}],"replies":[{"embeddable":true,"href":"https:\/\/saspow.edu.pl\/index.php\/wp-json\/wp\/v2\/comments?post=932"}],"version-history":[{"count":2,"href":"https:\/\/saspow.edu.pl\/index.php\/wp-json\/wp\/v2\/pages\/932\/revisions"}],"predecessor-version":[{"id":943,"href":"https:\/\/saspow.edu.pl\/index.php\/wp-json\/wp\/v2\/pages\/932\/revisions\/943"}],"wp:attachment":[{"href":"https:\/\/saspow.edu.pl\/index.php\/wp-json\/wp\/v2\/media?parent=932"}],"curies":[{"name":"wp","href":"https:\/\/api.w.org\/{rel}","templated":true}]}}