{"id":538,"date":"2025-10-29T08:20:06","date_gmt":"2025-10-29T08:20:06","guid":{"rendered":"https:\/\/saspow.edu.pl\/?page_id=538"},"modified":"2025-12-11T07:45:14","modified_gmt":"2025-12-11T07:45:14","slug":"https-saspow-edu-pl-index-php-informacje-o-proepne-integrujace","status":"publish","type":"page","link":"https:\/\/saspow.edu.pl\/index.php\/https-saspow-edu-pl-index-php-informacje-o-proepne-integrujace\/","title":{"rendered":"Dost\u0119pne, integruj\u0105ce i wspieraj\u0105ce rozw\u00f3j uczni\u00f3w szko\u0142y w gminie Jerzmanowice \u2013 Przeginia"},"content":{"rendered":"<div class=\"wpb-content-wrapper\"><p>[vc_row][vc_column][vc_column_text css=&#8221;&#8221;]Tytu\u0142 projektu: \u201eDost\u0119pne, integruj\u0105ce i wspieraj\u0105ce rozw\u00f3j uczni\u00f3w szko\u0142y w gminie Jerzmanowice \u2013 Przeginia\u201d<\/p>\n<p>Warto\u015b\u0107 projektu: 1 787 714,40 z\u0142<\/p>\n<p>Dofinansowanie projektu z UE: 1 519 258,15 z\u0142<\/p>\n<p>Dofinansowanie projektu z bud\u017cetu pa\u0144stwa: 178 736,25 z\u0142<\/p>\n<p>Wk\u0142ad w\u0142asny do projektu: 89 720,00 z\u0142<\/p>\n<p>Czas trwania: 01.07.2025 r. \u2013 30.06.2027 r.<\/p>\n<p>Data podpisania umowy: 30.05.2025 r.<\/p>\n<p>&nbsp;<\/p>\n<p>Informacje szczeg\u00f3\u0142owe: Fundusze Europejskie dla Ma\u0142opolski 2021-2027, Priorytet 6 Fundusze europejskie dla rynku pracy, edukacji i w\u0142\u0105czenia spo\u0142ecznego, Dzia\u0142anie 6.37 Wsparcie kszta\u0142cenia og\u00f3lnego \u2013 IIT OPK<\/p>\n<p>Celem projektu jest wsparcie ka\u017cdej ze szk\u00f3\u0142 z gminy Jerzmanowice \u2013 Przeginia poprzez organizacj\u0119 zaj\u0119\u0107 dodatkowych dla 193 uczni\u00f3w w szczeg\u00f3lno\u015bci ze specjalnymi potrzebami edukacyjnymi, zakup doposa\u017cenia dla nich oraz organizacj\u0119 wsparcia w rozwijaniu kwalifikacji 117 nauczycieli, poprzez organizacj\u0119 szkole\u0144 i studi\u00f3w podyplomowych, s\u0142u\u017c\u0105cych nabyciu nowych kwalifikacji w celu wsparcia uczni\u00f3w z SPE.<\/p>\n<p>Grupa docelowa: uczniowie i nauczyciele z pi\u0119ciu plac\u00f3wek o\u015bwiatowych w Gminie Jerzmanowice \u2013 Przeginia:<\/p>\n<p>Szko\u0142a Podstawowa im. \u015aw. Kr\u00f3lowej Jadwigi w Zespole Szk\u00f3\u0142 w Jerzmanowicach<br \/>\nSzko\u0142a Podstawowa im. Kr\u00f3la Jana III Sobieskiego w Zespole Szk\u00f3\u0142 w Przegini<br \/>\nSzko\u0142a Podstawowa im Powsta\u0144c\u00f3w Styczniowych w Zespole Szkolno-Przedszkolnym w S\u0105spowie<br \/>\nSzko\u0142a Podstawowa im. Marii Konopnickiej w Rac\u0142awicach<br \/>\nSzko\u0142a Podstawowa im Komisji Edukacji Narodowej w Zespole Szkolno-Przedszkolnym w Czubrowicach.<br \/>\nG\u0142\u00f3wne zadania projektu:<\/p>\n<p>Organizacja r\u00f3\u017cnorodnych zaj\u0119\u0107 dodatkowych dla uczni\u00f3w, obejmuj\u0105cych m.in.: warsztaty rozwijaj\u0105ce, zaj\u0119cia korekcyjno-kompensacyjne, zaj\u0119cia wyr\u00f3wnawcze, zaj\u0119cia integruj\u0105ce sensorycznie, zaj\u0119cia logopedyczne, zaj\u0119cia rozwijaj\u0105ce kompetencje emocjonalno-spo\u0142eczne, zaj\u0119cia rewalidacyjne, terapi\u0119 pedagogiczn\u0105, terapia Biofeedback oraz specjalnie przygotowane zaj\u0119cia dla uczni\u00f3w ze specjalnymi potrzebami edukacyjnymi<br \/>\nDoskonalenie kadr nauczycielskich poprzez szkolenia i studia podyplomowe, co wspiera rozw\u00f3j kompetencji pedagogicznych i metodycznych<br \/>\nDoposa\u017cenie szk\u00f3\u0142:<br \/>\nwyposa\u017cenie plac\u00f3wek w pracownie SI i sprz\u0119t najwy\u017cszej jako\u015bci<br \/>\nzakup monitor\u00f3w interaktywnych, laptop\u00f3w, oprogramowa\u0144 edukacyjnych i program\u00f3w wspieraj\u0105cych proces nauczania.<\/p>\n<p>Rezultat projektu: Doposa\u017cenie wszystkich zaanga\u017cowanych plac\u00f3wek \u2014 w liczne pracownie specjalistyczne (informatyczne, matematyczno-przyrodnicze, logopedyczne, terapeutyczne) oraz multimedialne \u2014 co z kolei poprawi jako\u015b\u0107 edukacji, umo\u017cliwia indywidualizacj\u0119 nauk i zwi\u0119kszy atrakcyjno\u015b\u0107 zaj\u0119\u0107[\/vc_column_text][\/vc_column][\/vc_row][vc_row][vc_column width=&#8221;1\/3&#8243;][vc_btn title=&#8221;Projekt&#8221; color=&#8221;green&#8221; css=&#8221;&#8221;][\/vc_column][vc_column width=&#8221;1\/3&#8243;][vc_btn title=&#8221;Rekrutacja na zaj\u0119cia&#8221; color=&#8221;green&#8221; css=&#8221;&#8221;][\/vc_column][vc_column width=&#8221;1\/3&#8243;][vc_btn title=&#8221;Harmonogram form wsparcia&#8221; color=&#8221;green&#8221; css=&#8221;&#8221;][\/vc_column][\/vc_row][vc_row][vc_column][vc_single_image image=&#8221;312&#8243; img_size=&#8221;full&#8221; css=&#8221;&#8221;][\/vc_column][\/vc_row]<\/p>\n<\/div>","protected":false},"excerpt":{"rendered":"<p>[vc_row][vc_column][vc_column_text css=&#8221;&#8221;]Tytu\u0142 projektu: \u201eDost\u0119pne, integruj\u0105ce i wspieraj\u0105ce rozw\u00f3j uczni\u00f3w szko\u0142y w gminie Jerzmanowice \u2013 Przeginia\u201d Warto\u015b\u0107 projektu: 1 787 714,40 z\u0142 Dofinansowanie projektu z UE: 1 519 258,15 z\u0142 Dofinansowanie projektu z bud\u017cetu pa\u0144stwa: 178 736,25 z\u0142 Wk\u0142ad w\u0142asny do projektu: 89 720,00 z\u0142 Czas trwania: 01.07.2025 r. \u2013 30.06.2027 r. Data podpisania umowy: 30.05.2025&hellip;<\/p>\n","protected":false},"author":2,"featured_media":0,"parent":0,"menu_order":0,"comment_status":"closed","ping_status":"closed","template":"","meta":{"footnotes":""},"class_list":["post-538","page","type-page","status-publish","hentry","description-off"],"yoast_head":"<!-- This site is optimized with the Yoast SEO plugin v27.4 - https:\/\/yoast.com\/product\/yoast-seo-wordpress\/ -->\n<title>Dost\u0119pne, integruj\u0105ce i wspieraj\u0105ce rozw\u00f3j uczni\u00f3w szko\u0142y w gminie Jerzmanowice \u2013 Przeginia - Zesp&oacute;\u0142 Szkolno-Przedszkolny w S\u0105spowie<\/title>\n<meta name=\"robots\" content=\"index, follow, max-snippet:-1, max-image-preview:large, max-video-preview:-1\" \/>\n<link rel=\"canonical\" href=\"https:\/\/saspow.edu.pl\/index.php\/https-saspow-edu-pl-index-php-informacje-o-proepne-integrujace\/\" \/>\n<meta property=\"og:locale\" content=\"pl_PL\" \/>\n<meta property=\"og:type\" content=\"article\" \/>\n<meta property=\"og:title\" content=\"Dost\u0119pne, integruj\u0105ce i wspieraj\u0105ce rozw\u00f3j uczni\u00f3w szko\u0142y w gminie Jerzmanowice \u2013 Przeginia - Zesp&oacute;\u0142 Szkolno-Przedszkolny w S\u0105spowie\" \/>\n<meta property=\"og:description\" content=\"[vc_row][vc_column][vc_column_text css=&#8221;&#8221;]Tytu\u0142 projektu: \u201eDost\u0119pne, integruj\u0105ce i wspieraj\u0105ce rozw\u00f3j uczni\u00f3w szko\u0142y w gminie Jerzmanowice \u2013 Przeginia\u201d Warto\u015b\u0107 projektu: 1 787 714,40 z\u0142 Dofinansowanie projektu z UE: 1 519 258,15 z\u0142 Dofinansowanie projektu z bud\u017cetu pa\u0144stwa: 178 736,25 z\u0142 Wk\u0142ad w\u0142asny do projektu: 89 720,00 z\u0142 Czas trwania: 01.07.2025 r. \u2013 30.06.2027 r. Data podpisania umowy: 30.05.2025&hellip;\" \/>\n<meta property=\"og:url\" content=\"https:\/\/saspow.edu.pl\/index.php\/https-saspow-edu-pl-index-php-informacje-o-proepne-integrujace\/\" \/>\n<meta property=\"og:site_name\" content=\"Zesp&oacute;\u0142 Szkolno-Przedszkolny w S\u0105spowie\" \/>\n<meta property=\"article:publisher\" content=\"https:\/\/www.facebook.com\/profile.php?id=100057595683178\" \/>\n<meta property=\"article:modified_time\" content=\"2025-12-11T07:45:14+00:00\" \/>\n<meta name=\"twitter:card\" content=\"summary_large_image\" \/>\n<meta name=\"twitter:label1\" content=\"Szacowany czas czytania\" \/>\n\t<meta name=\"twitter:data1\" content=\"2 minuty\" \/>\n<script type=\"application\/ld+json\" class=\"yoast-schema-graph\">{\"@context\":\"https:\\\/\\\/schema.org\",\"@graph\":[{\"@type\":\"WebPage\",\"@id\":\"https:\\\/\\\/saspow.edu.pl\\\/index.php\\\/https-saspow-edu-pl-index-php-informacje-o-proepne-integrujace\\\/\",\"url\":\"https:\\\/\\\/saspow.edu.pl\\\/index.php\\\/https-saspow-edu-pl-index-php-informacje-o-proepne-integrujace\\\/\",\"name\":\"Dost\u0119pne, integruj\u0105ce i wspieraj\u0105ce rozw\u00f3j uczni\u00f3w szko\u0142y w gminie Jerzmanowice \u2013 Przeginia - Zesp&oacute;\u0142 Szkolno-Przedszkolny w S\u0105spowie\",\"isPartOf\":{\"@id\":\"https:\\\/\\\/saspow.edu.pl\\\/#website\"},\"datePublished\":\"2025-10-29T08:20:06+00:00\",\"dateModified\":\"2025-12-11T07:45:14+00:00\",\"breadcrumb\":{\"@id\":\"https:\\\/\\\/saspow.edu.pl\\\/index.php\\\/https-saspow-edu-pl-index-php-informacje-o-proepne-integrujace\\\/#breadcrumb\"},\"inLanguage\":\"pl-PL\",\"potentialAction\":[{\"@type\":\"ReadAction\",\"target\":[\"https:\\\/\\\/saspow.edu.pl\\\/index.php\\\/https-saspow-edu-pl-index-php-informacje-o-proepne-integrujace\\\/\"]}]},{\"@type\":\"BreadcrumbList\",\"@id\":\"https:\\\/\\\/saspow.edu.pl\\\/index.php\\\/https-saspow-edu-pl-index-php-informacje-o-proepne-integrujace\\\/#breadcrumb\",\"itemListElement\":[{\"@type\":\"ListItem\",\"position\":1,\"name\":\"Strona g\u0142\u00f3wna\",\"item\":\"https:\\\/\\\/saspow.edu.pl\\\/\"},{\"@type\":\"ListItem\",\"position\":2,\"name\":\"Dost\u0119pne, integruj\u0105ce i wspieraj\u0105ce rozw\u00f3j uczni\u00f3w szko\u0142y w gminie Jerzmanowice \u2013 Przeginia\"}]},{\"@type\":\"WebSite\",\"@id\":\"https:\\\/\\\/saspow.edu.pl\\\/#website\",\"url\":\"https:\\\/\\\/saspow.edu.pl\\\/\",\"name\":\"Zesp\u00f3\u0142 Szkolno-Przedszkolny w S\u0105spowie\",\"description\":\"Zesp&oacute;\u0142 Szkolno-Przedszkolny w S\u0105spowie\",\"publisher\":{\"@id\":\"https:\\\/\\\/saspow.edu.pl\\\/#organization\"},\"potentialAction\":[{\"@type\":\"SearchAction\",\"target\":{\"@type\":\"EntryPoint\",\"urlTemplate\":\"https:\\\/\\\/saspow.edu.pl\\\/?s={search_term_string}\"},\"query-input\":{\"@type\":\"PropertyValueSpecification\",\"valueRequired\":true,\"valueName\":\"search_term_string\"}}],\"inLanguage\":\"pl-PL\"},{\"@type\":\"Organization\",\"@id\":\"https:\\\/\\\/saspow.edu.pl\\\/#organization\",\"name\":\"Zesp\u00f3\u0142 Szkolno-Przedszkolny w S\u0105spowie\",\"url\":\"https:\\\/\\\/saspow.edu.pl\\\/\",\"logo\":{\"@type\":\"ImageObject\",\"inLanguage\":\"pl-PL\",\"@id\":\"https:\\\/\\\/saspow.edu.pl\\\/#\\\/schema\\\/logo\\\/image\\\/\",\"url\":\"https:\\\/\\\/saspow.edu.pl\\\/wp-content\\\/uploads\\\/2025\\\/09\\\/250.png\",\"contentUrl\":\"https:\\\/\\\/saspow.edu.pl\\\/wp-content\\\/uploads\\\/2025\\\/09\\\/250.png\",\"width\":250,\"height\":97,\"caption\":\"Zesp\u00f3\u0142 Szkolno-Przedszkolny w S\u0105spowie\"},\"image\":{\"@id\":\"https:\\\/\\\/saspow.edu.pl\\\/#\\\/schema\\\/logo\\\/image\\\/\"},\"sameAs\":[\"https:\\\/\\\/www.facebook.com\\\/profile.php?id=100057595683178\"]}]}<\/script>\n<!-- \/ Yoast SEO plugin. -->","yoast_head_json":{"title":"Dost\u0119pne, integruj\u0105ce i wspieraj\u0105ce rozw\u00f3j uczni\u00f3w szko\u0142y w gminie Jerzmanowice \u2013 Przeginia - Zesp&oacute;\u0142 Szkolno-Przedszkolny w S\u0105spowie","robots":{"index":"index","follow":"follow","max-snippet":"max-snippet:-1","max-image-preview":"max-image-preview:large","max-video-preview":"max-video-preview:-1"},"canonical":"https:\/\/saspow.edu.pl\/index.php\/https-saspow-edu-pl-index-php-informacje-o-proepne-integrujace\/","og_locale":"pl_PL","og_type":"article","og_title":"Dost\u0119pne, integruj\u0105ce i wspieraj\u0105ce rozw\u00f3j uczni\u00f3w szko\u0142y w gminie Jerzmanowice \u2013 Przeginia - Zesp&oacute;\u0142 Szkolno-Przedszkolny w S\u0105spowie","og_description":"[vc_row][vc_column][vc_column_text css=&#8221;&#8221;]Tytu\u0142 projektu: \u201eDost\u0119pne, integruj\u0105ce i wspieraj\u0105ce rozw\u00f3j uczni\u00f3w szko\u0142y w gminie Jerzmanowice \u2013 Przeginia\u201d Warto\u015b\u0107 projektu: 1 787 714,40 z\u0142 Dofinansowanie projektu z UE: 1 519 258,15 z\u0142 Dofinansowanie projektu z bud\u017cetu pa\u0144stwa: 178 736,25 z\u0142 Wk\u0142ad w\u0142asny do projektu: 89 720,00 z\u0142 Czas trwania: 01.07.2025 r. \u2013 30.06.2027 r. Data podpisania umowy: 30.05.2025&hellip;","og_url":"https:\/\/saspow.edu.pl\/index.php\/https-saspow-edu-pl-index-php-informacje-o-proepne-integrujace\/","og_site_name":"Zesp&oacute;\u0142 Szkolno-Przedszkolny w S\u0105spowie","article_publisher":"https:\/\/www.facebook.com\/profile.php?id=100057595683178","article_modified_time":"2025-12-11T07:45:14+00:00","twitter_card":"summary_large_image","twitter_misc":{"Szacowany czas czytania":"2 minuty"},"schema":{"@context":"https:\/\/schema.org","@graph":[{"@type":"WebPage","@id":"https:\/\/saspow.edu.pl\/index.php\/https-saspow-edu-pl-index-php-informacje-o-proepne-integrujace\/","url":"https:\/\/saspow.edu.pl\/index.php\/https-saspow-edu-pl-index-php-informacje-o-proepne-integrujace\/","name":"Dost\u0119pne, integruj\u0105ce i wspieraj\u0105ce rozw\u00f3j uczni\u00f3w szko\u0142y w gminie Jerzmanowice \u2013 Przeginia - Zesp&oacute;\u0142 Szkolno-Przedszkolny w S\u0105spowie","isPartOf":{"@id":"https:\/\/saspow.edu.pl\/#website"},"datePublished":"2025-10-29T08:20:06+00:00","dateModified":"2025-12-11T07:45:14+00:00","breadcrumb":{"@id":"https:\/\/saspow.edu.pl\/index.php\/https-saspow-edu-pl-index-php-informacje-o-proepne-integrujace\/#breadcrumb"},"inLanguage":"pl-PL","potentialAction":[{"@type":"ReadAction","target":["https:\/\/saspow.edu.pl\/index.php\/https-saspow-edu-pl-index-php-informacje-o-proepne-integrujace\/"]}]},{"@type":"BreadcrumbList","@id":"https:\/\/saspow.edu.pl\/index.php\/https-saspow-edu-pl-index-php-informacje-o-proepne-integrujace\/#breadcrumb","itemListElement":[{"@type":"ListItem","position":1,"name":"Strona g\u0142\u00f3wna","item":"https:\/\/saspow.edu.pl\/"},{"@type":"ListItem","position":2,"name":"Dost\u0119pne, integruj\u0105ce i wspieraj\u0105ce rozw\u00f3j uczni\u00f3w szko\u0142y w gminie Jerzmanowice \u2013 Przeginia"}]},{"@type":"WebSite","@id":"https:\/\/saspow.edu.pl\/#website","url":"https:\/\/saspow.edu.pl\/","name":"Zesp\u00f3\u0142 Szkolno-Przedszkolny w S\u0105spowie","description":"Zesp&oacute;\u0142 Szkolno-Przedszkolny w S\u0105spowie","publisher":{"@id":"https:\/\/saspow.edu.pl\/#organization"},"potentialAction":[{"@type":"SearchAction","target":{"@type":"EntryPoint","urlTemplate":"https:\/\/saspow.edu.pl\/?s={search_term_string}"},"query-input":{"@type":"PropertyValueSpecification","valueRequired":true,"valueName":"search_term_string"}}],"inLanguage":"pl-PL"},{"@type":"Organization","@id":"https:\/\/saspow.edu.pl\/#organization","name":"Zesp\u00f3\u0142 Szkolno-Przedszkolny w S\u0105spowie","url":"https:\/\/saspow.edu.pl\/","logo":{"@type":"ImageObject","inLanguage":"pl-PL","@id":"https:\/\/saspow.edu.pl\/#\/schema\/logo\/image\/","url":"https:\/\/saspow.edu.pl\/wp-content\/uploads\/2025\/09\/250.png","contentUrl":"https:\/\/saspow.edu.pl\/wp-content\/uploads\/2025\/09\/250.png","width":250,"height":97,"caption":"Zesp\u00f3\u0142 Szkolno-Przedszkolny w S\u0105spowie"},"image":{"@id":"https:\/\/saspow.edu.pl\/#\/schema\/logo\/image\/"},"sameAs":["https:\/\/www.facebook.com\/profile.php?id=100057595683178"]}]}},"_links":{"self":[{"href":"https:\/\/saspow.edu.pl\/index.php\/wp-json\/wp\/v2\/pages\/538","targetHints":{"allow":["GET"]}}],"collection":[{"href":"https:\/\/saspow.edu.pl\/index.php\/wp-json\/wp\/v2\/pages"}],"about":[{"href":"https:\/\/saspow.edu.pl\/index.php\/wp-json\/wp\/v2\/types\/page"}],"author":[{"embeddable":true,"href":"https:\/\/saspow.edu.pl\/index.php\/wp-json\/wp\/v2\/users\/2"}],"replies":[{"embeddable":true,"href":"https:\/\/saspow.edu.pl\/index.php\/wp-json\/wp\/v2\/comments?post=538"}],"version-history":[{"count":3,"href":"https:\/\/saspow.edu.pl\/index.php\/wp-json\/wp\/v2\/pages\/538\/revisions"}],"predecessor-version":[{"id":614,"href":"https:\/\/saspow.edu.pl\/index.php\/wp-json\/wp\/v2\/pages\/538\/revisions\/614"}],"wp:attachment":[{"href":"https:\/\/saspow.edu.pl\/index.php\/wp-json\/wp\/v2\/media?parent=538"}],"curies":[{"name":"wp","href":"https:\/\/api.w.org\/{rel}","templated":true}]}}