{"id":305,"date":"2025-09-01T10:10:30","date_gmt":"2025-09-01T10:10:30","guid":{"rendered":"https:\/\/saspow.edu.pl\/?page_id=305"},"modified":"2026-02-26T12:37:49","modified_gmt":"2026-02-26T12:37:49","slug":"malopolski-projekt-wspierania-uczniow","status":"publish","type":"page","link":"https:\/\/saspow.edu.pl\/index.php\/malopolski-projekt-wspierania-uczniow\/","title":{"rendered":"Ma\u0142opolski Projekt Wspierania Uczni\u00f3w"},"content":{"rendered":"<div class=\"wpb-content-wrapper\"><p>[vc_row][vc_column][vc_column_text css=&#8221;&#8221;]Tytu\u0142 projektu: \u201eMa\u0142opolski program wspierania uczni\u00f3w\u201d<\/p>\n<p>Umowa nr FEMP.06.12-IP.01-0471\/24<\/p>\n<p>Warto\u015b\u0107 projektu: 116 993,10 z\u0142<\/p>\n<p>Dofinansowanie projektu z UE: 99 444,11 z\u0142<\/p>\n<p>Dofinansowanie projektu z bud\u017cetu pa\u0144stwa: 5 849,68 z\u0142<\/p>\n<p>Wk\u0142ad w\u0142asny do projektu: 11 699,31 z\u0142<\/p>\n<p>Czas trwania: 01.09.2024 r.\u2013 30.06.2026 r.<\/p>\n<p>Data podpisania umowy: 06.09.2024 r.<\/p>\n<p>&nbsp;<\/p>\n<p>Informacje szczeg\u00f3\u0142owe: Fundusze Europejskie dla Ma\u0142opolski 2021-2027, Priorytet 6 Fundusze europejskie dla rynku pracy, edukacji i w\u0142\u0105czenia spo\u0142ecznego \u2013 CP4(f), Dzia\u0142anie 6.12 Edukacja \u2013 projekty Wojew\u00f3dztwa Ma\u0142opolskiego, Typ projektu A, Komponent 2: Przygotowanie rozwi\u0105za\u0144 programowych oraz narz\u0119dzi diagnostycznych dotycz\u0105cych uczni\u00f3w zdolnych z syndromem nieadekwatnych osi\u0105gni\u0119\u0107, a tak\u017ce wsparcie w tym zakresie kadry szk\u00f3\u0142 podstawowych i uczni\u00f3w tych szk\u00f3\u0142 oraz ich rodzic\u00f3w.<\/p>\n<p>&nbsp;<\/p>\n<p>Celem projektu jest podwy\u017cszenie potencja\u0142u edukacyjnego uczni\u00f3w zdolnych i znajduj\u0105cych si\u0119 w niekorzystnej sytuacji spo\u0142eczno-ekonomicznej lub wykazuj\u0105cych syndrom nieadekwatnych osi\u0105gni\u0119\u0107, a tak\u017ce podniesienie kompetencji nauczycieli, psycholog\u00f3w, pedagog\u00f3w, rodzic\u00f3w, opiekun\u00f3w oraz zapewnienie optymalnych rozwi\u0105za\u0144 dla szk\u00f3\u0142, kadry pedagogicznej i poradni psychologiczno-pedagogicznych w zakresie diagnozowania i wspierania uczni\u00f3w zdolnych z syndromem nieadekwatnych osi\u0105gni\u0119\u0107.<\/p>\n<p>Grupa docelowa: uczniowie, rodzice, opiekunowie i nauczyciele z plac\u00f3wek o\u015bwiatowych w Gminie Jerzmanowice \u2013 Przeginia:<\/p>\n<p>Szko\u0142a Podstawowa im Komisji Edukacji Narodowej w Zespole Szkolno-Przedszkolnym w Czubrowicach.<br \/>\nSzko\u0142a Podstawowa im Powsta\u0144c\u00f3w Styczniowych w Zespole Szkolno-Przedszkolnym w S\u0105spowie.<br \/>\nG\u0142\u00f3wne zadania projektu:<\/p>\n<p>Wsparcie w formie szkole\u0144, wsparcie merytoryczno-metodyczne dla nauczycieli,<br \/>\nMateria\u0142y na potrzeby diagnozy uczni\u00f3w, kt\u00f3rzy mimo wysokiego potencja\u0142u nie uzyskuj\u0105 wynik\u00f3w na miar\u0119 swoich mo\u017cliwo\u015bci,<br \/>\nPomoce w procesie diagnozy uczni\u00f3w, przeprowadzonych w szko\u0142ach przez naszych nauczycieli &#8211; szkolnych lider\u00f3w projektu,<br \/>\nProgramy i scenariusze zaj\u0119\u0107 dla uczni\u00f3w zakwalifikowanych drog\u0105 diagnozy do warsztat\u00f3w og\u00f3lnorozwojowych, przeprowadzonych w szko\u0142ach przez szkolnych lider\u00f3w projektu,<br \/>\nDodatkowa pomoc psychologiczno-pedagogiczna dla uczni\u00f3w,<br \/>\nWarsztaty i konsultacje dla rodzic\u00f3w dzieci, uczestnicz\u0105cych w projekcie,<br \/>\nWyjazdy edukacyjne dla uczni\u00f3w do miejsc s\u0142u\u017c\u0105cych rozwijaniu ciekawo\u015bci \u015bwiata i aktywno\u015bci poznawczej.<\/p>\n<p>Rezultat projektu: Wyr\u00f3wnanie szans edukacyjnych uczni\u00f3w znajduj\u0105cych si\u0119 w niekorzystnej sytuacji spo\u0142eczno-ekonomicznej, stymulowanie rozwoju uzdolnie\u0144 u uczni\u00f3w oraz nabycie wiedzy i umiej\u0119tno\u015bci do prowadzenia dzia\u0142a\u0144 wychowawczych i edukacyjnych uczni\u00f3w z syndromem nieadekwatnych osi\u0105gni\u0119\u0107.<\/p>\n<p>#FunduszeUE[\/vc_column_text][vc_row_inner][vc_column_inner width=&#8221;1\/2&#8243;][vc_btn title=&#8221;Plakat A3&#8243; color=&#8221;green&#8221; align=&#8221;center&#8221; css=&#8221;&#8221; link=&#8221;url:https%3A%2F%2Fsaspow.edu.pl%2Fwp-content%2Fuploads%2F2025%2F09%2Fplakat-A3-programy-regionalne-Mpwu-1.pdf&#8221;][vc_btn title=&#8221;\u201eMa\u0142opolski Program Wspierania Uczni\u00f3w\u201d \u2013 informacje o projekcie&#8221; color=&#8221;green&#8221; align=&#8221;center&#8221; css=&#8221;&#8221; link=&#8221;url:https%3A%2F%2Fsaspow.edu.pl%2Findex.php%2Finformacje-o-projekcie%2F&#8221;][vc_btn title=&#8221;\u201eMa\u0142opolski Program Wspierania Uczni\u00f3w\u201d \u2013 warsztaty&#8221; color=&#8221;green&#8221; align=&#8221;center&#8221; css=&#8221;&#8221; link=&#8221;url:https%3A%2F%2Fsaspow.edu.pl%2Findex.php%2Fwarsztaty-mpwu%2F&#8221;][\/vc_column_inner][vc_column_inner width=&#8221;1\/2&#8243;][vc_btn title=&#8221;Regulamin rekrutacji i uczestnictwa w projekcie&#8221; color=&#8221;green&#8221; align=&#8221;center&#8221; css=&#8221;&#8221; link=&#8221;url:https%3A%2F%2Fsaspow.edu.pl%2Fwp-content%2Fuploads%2F2025%2F09%2FRegulamin-Rekrutacji-i-uczestnictwa-w-projekcie-MPWU-4-1.pdf&#8221;][vc_btn title=&#8221;\u201eMa\u0142opolski Program Wspierania Uczni\u00f3w\u201d \u2013 wyb\u00f3r grupy docelowej&#8221; color=&#8221;green&#8221; align=&#8221;center&#8221; css=&#8221;&#8221; link=&#8221;url:https%3A%2F%2Fsaspow.edu.pl%2F%3Fpage_id%3D1037%26preview%3Dtrue&#8221;][vc_btn title=&#8221;\u201eMa\u0142opolski Program Wspierania Uczni\u00f3w\u201d \u2013 wycieczka podsumowuj\u0105ca projekt&#8221; color=&#8221;green&#8221; align=&#8221;center&#8221; css=&#8221;&#8221;][\/vc_column_inner][\/vc_row_inner][vc_btn title=&#8221;Warsztaty dla rodzic\u00f3w uczni\u00f3w bior\u0105cych udzia\u0142 w Ma\u0142opolskim Programie Wspierania Uczni\u00f3w.&#8221; color=&#8221;green&#8221; css=&#8221;&#8221; link=&#8221;url:https%3A%2F%2Fsaspow.edu.pl%2F%3Fpage_id%3D1066%26preview%3Dtrue&#8221;][\/vc_column][\/vc_row][vc_row][vc_column][vc_single_image image=&#8221;312&#8243; img_size=&#8221;full&#8221; alignment=&#8221;center&#8221; css=&#8221;&#8221;][\/vc_column][\/vc_row]<\/p>\n<\/div>","protected":false},"excerpt":{"rendered":"<p>[vc_row][vc_column][vc_column_text css=&#8221;&#8221;]Tytu\u0142 projektu: \u201eMa\u0142opolski program wspierania uczni\u00f3w\u201d Umowa nr FEMP.06.12-IP.01-0471\/24 Warto\u015b\u0107 projektu: 116 993,10 z\u0142 Dofinansowanie projektu z UE: 99 444,11 z\u0142 Dofinansowanie projektu z bud\u017cetu pa\u0144stwa: 5 849,68 z\u0142 Wk\u0142ad w\u0142asny do projektu: 11 699,31 z\u0142 Czas trwania: 01.09.2024 r.\u2013 30.06.2026 r. Data podpisania umowy: 06.09.2024 r. &nbsp; Informacje szczeg\u00f3\u0142owe: Fundusze Europejskie dla Ma\u0142opolski&hellip;<\/p>\n","protected":false},"author":2,"featured_media":0,"parent":0,"menu_order":0,"comment_status":"closed","ping_status":"closed","template":"","meta":{"footnotes":""},"class_list":["post-305","page","type-page","status-publish","hentry","description-off"],"yoast_head":"<!-- This site is optimized with the Yoast SEO plugin v27.4 - https:\/\/yoast.com\/product\/yoast-seo-wordpress\/ -->\n<title>Ma\u0142opolski Projekt Wspierania Uczni\u00f3w - Zesp&oacute;\u0142 Szkolno-Przedszkolny w S\u0105spowie<\/title>\n<meta name=\"robots\" content=\"index, follow, max-snippet:-1, max-image-preview:large, max-video-preview:-1\" \/>\n<link rel=\"canonical\" href=\"https:\/\/saspow.edu.pl\/index.php\/malopolski-projekt-wspierania-uczniow\/\" \/>\n<meta property=\"og:locale\" content=\"pl_PL\" \/>\n<meta property=\"og:type\" content=\"article\" \/>\n<meta property=\"og:title\" content=\"Ma\u0142opolski Projekt Wspierania Uczni\u00f3w - Zesp&oacute;\u0142 Szkolno-Przedszkolny w S\u0105spowie\" \/>\n<meta property=\"og:description\" content=\"[vc_row][vc_column][vc_column_text css=&#8221;&#8221;]Tytu\u0142 projektu: \u201eMa\u0142opolski program wspierania uczni\u00f3w\u201d Umowa nr FEMP.06.12-IP.01-0471\/24 Warto\u015b\u0107 projektu: 116 993,10 z\u0142 Dofinansowanie projektu z UE: 99 444,11 z\u0142 Dofinansowanie projektu z bud\u017cetu pa\u0144stwa: 5 849,68 z\u0142 Wk\u0142ad w\u0142asny do projektu: 11 699,31 z\u0142 Czas trwania: 01.09.2024 r.\u2013 30.06.2026 r. Data podpisania umowy: 06.09.2024 r. &nbsp; Informacje szczeg\u00f3\u0142owe: Fundusze Europejskie dla Ma\u0142opolski&hellip;\" \/>\n<meta property=\"og:url\" content=\"https:\/\/saspow.edu.pl\/index.php\/malopolski-projekt-wspierania-uczniow\/\" \/>\n<meta property=\"og:site_name\" content=\"Zesp&oacute;\u0142 Szkolno-Przedszkolny w S\u0105spowie\" \/>\n<meta property=\"article:publisher\" content=\"https:\/\/www.facebook.com\/profile.php?id=100057595683178\" \/>\n<meta property=\"article:modified_time\" content=\"2026-02-26T12:37:49+00:00\" \/>\n<meta name=\"twitter:card\" content=\"summary_large_image\" \/>\n<meta name=\"twitter:label1\" content=\"Szacowany czas czytania\" \/>\n\t<meta name=\"twitter:data1\" content=\"3 minuty\" \/>\n<script type=\"application\/ld+json\" class=\"yoast-schema-graph\">{\"@context\":\"https:\\\/\\\/schema.org\",\"@graph\":[{\"@type\":\"WebPage\",\"@id\":\"https:\\\/\\\/saspow.edu.pl\\\/index.php\\\/malopolski-projekt-wspierania-uczniow\\\/\",\"url\":\"https:\\\/\\\/saspow.edu.pl\\\/index.php\\\/malopolski-projekt-wspierania-uczniow\\\/\",\"name\":\"Ma\u0142opolski Projekt Wspierania Uczni\u00f3w - Zesp&oacute;\u0142 Szkolno-Przedszkolny w S\u0105spowie\",\"isPartOf\":{\"@id\":\"https:\\\/\\\/saspow.edu.pl\\\/#website\"},\"datePublished\":\"2025-09-01T10:10:30+00:00\",\"dateModified\":\"2026-02-26T12:37:49+00:00\",\"breadcrumb\":{\"@id\":\"https:\\\/\\\/saspow.edu.pl\\\/index.php\\\/malopolski-projekt-wspierania-uczniow\\\/#breadcrumb\"},\"inLanguage\":\"pl-PL\",\"potentialAction\":[{\"@type\":\"ReadAction\",\"target\":[\"https:\\\/\\\/saspow.edu.pl\\\/index.php\\\/malopolski-projekt-wspierania-uczniow\\\/\"]}]},{\"@type\":\"BreadcrumbList\",\"@id\":\"https:\\\/\\\/saspow.edu.pl\\\/index.php\\\/malopolski-projekt-wspierania-uczniow\\\/#breadcrumb\",\"itemListElement\":[{\"@type\":\"ListItem\",\"position\":1,\"name\":\"Strona g\u0142\u00f3wna\",\"item\":\"https:\\\/\\\/saspow.edu.pl\\\/\"},{\"@type\":\"ListItem\",\"position\":2,\"name\":\"Ma\u0142opolski Projekt Wspierania Uczni\u00f3w\"}]},{\"@type\":\"WebSite\",\"@id\":\"https:\\\/\\\/saspow.edu.pl\\\/#website\",\"url\":\"https:\\\/\\\/saspow.edu.pl\\\/\",\"name\":\"Zesp\u00f3\u0142 Szkolno-Przedszkolny w S\u0105spowie\",\"description\":\"Zesp&oacute;\u0142 Szkolno-Przedszkolny w S\u0105spowie\",\"publisher\":{\"@id\":\"https:\\\/\\\/saspow.edu.pl\\\/#organization\"},\"potentialAction\":[{\"@type\":\"SearchAction\",\"target\":{\"@type\":\"EntryPoint\",\"urlTemplate\":\"https:\\\/\\\/saspow.edu.pl\\\/?s={search_term_string}\"},\"query-input\":{\"@type\":\"PropertyValueSpecification\",\"valueRequired\":true,\"valueName\":\"search_term_string\"}}],\"inLanguage\":\"pl-PL\"},{\"@type\":\"Organization\",\"@id\":\"https:\\\/\\\/saspow.edu.pl\\\/#organization\",\"name\":\"Zesp\u00f3\u0142 Szkolno-Przedszkolny w S\u0105spowie\",\"url\":\"https:\\\/\\\/saspow.edu.pl\\\/\",\"logo\":{\"@type\":\"ImageObject\",\"inLanguage\":\"pl-PL\",\"@id\":\"https:\\\/\\\/saspow.edu.pl\\\/#\\\/schema\\\/logo\\\/image\\\/\",\"url\":\"https:\\\/\\\/saspow.edu.pl\\\/wp-content\\\/uploads\\\/2025\\\/09\\\/250.png\",\"contentUrl\":\"https:\\\/\\\/saspow.edu.pl\\\/wp-content\\\/uploads\\\/2025\\\/09\\\/250.png\",\"width\":250,\"height\":97,\"caption\":\"Zesp\u00f3\u0142 Szkolno-Przedszkolny w S\u0105spowie\"},\"image\":{\"@id\":\"https:\\\/\\\/saspow.edu.pl\\\/#\\\/schema\\\/logo\\\/image\\\/\"},\"sameAs\":[\"https:\\\/\\\/www.facebook.com\\\/profile.php?id=100057595683178\"]}]}<\/script>\n<!-- \/ Yoast SEO plugin. -->","yoast_head_json":{"title":"Ma\u0142opolski Projekt Wspierania Uczni\u00f3w - Zesp&oacute;\u0142 Szkolno-Przedszkolny w S\u0105spowie","robots":{"index":"index","follow":"follow","max-snippet":"max-snippet:-1","max-image-preview":"max-image-preview:large","max-video-preview":"max-video-preview:-1"},"canonical":"https:\/\/saspow.edu.pl\/index.php\/malopolski-projekt-wspierania-uczniow\/","og_locale":"pl_PL","og_type":"article","og_title":"Ma\u0142opolski Projekt Wspierania Uczni\u00f3w - Zesp&oacute;\u0142 Szkolno-Przedszkolny w S\u0105spowie","og_description":"[vc_row][vc_column][vc_column_text css=&#8221;&#8221;]Tytu\u0142 projektu: \u201eMa\u0142opolski program wspierania uczni\u00f3w\u201d Umowa nr FEMP.06.12-IP.01-0471\/24 Warto\u015b\u0107 projektu: 116 993,10 z\u0142 Dofinansowanie projektu z UE: 99 444,11 z\u0142 Dofinansowanie projektu z bud\u017cetu pa\u0144stwa: 5 849,68 z\u0142 Wk\u0142ad w\u0142asny do projektu: 11 699,31 z\u0142 Czas trwania: 01.09.2024 r.\u2013 30.06.2026 r. Data podpisania umowy: 06.09.2024 r. &nbsp; Informacje szczeg\u00f3\u0142owe: Fundusze Europejskie dla Ma\u0142opolski&hellip;","og_url":"https:\/\/saspow.edu.pl\/index.php\/malopolski-projekt-wspierania-uczniow\/","og_site_name":"Zesp&oacute;\u0142 Szkolno-Przedszkolny w S\u0105spowie","article_publisher":"https:\/\/www.facebook.com\/profile.php?id=100057595683178","article_modified_time":"2026-02-26T12:37:49+00:00","twitter_card":"summary_large_image","twitter_misc":{"Szacowany czas czytania":"3 minuty"},"schema":{"@context":"https:\/\/schema.org","@graph":[{"@type":"WebPage","@id":"https:\/\/saspow.edu.pl\/index.php\/malopolski-projekt-wspierania-uczniow\/","url":"https:\/\/saspow.edu.pl\/index.php\/malopolski-projekt-wspierania-uczniow\/","name":"Ma\u0142opolski Projekt Wspierania Uczni\u00f3w - Zesp&oacute;\u0142 Szkolno-Przedszkolny w S\u0105spowie","isPartOf":{"@id":"https:\/\/saspow.edu.pl\/#website"},"datePublished":"2025-09-01T10:10:30+00:00","dateModified":"2026-02-26T12:37:49+00:00","breadcrumb":{"@id":"https:\/\/saspow.edu.pl\/index.php\/malopolski-projekt-wspierania-uczniow\/#breadcrumb"},"inLanguage":"pl-PL","potentialAction":[{"@type":"ReadAction","target":["https:\/\/saspow.edu.pl\/index.php\/malopolski-projekt-wspierania-uczniow\/"]}]},{"@type":"BreadcrumbList","@id":"https:\/\/saspow.edu.pl\/index.php\/malopolski-projekt-wspierania-uczniow\/#breadcrumb","itemListElement":[{"@type":"ListItem","position":1,"name":"Strona g\u0142\u00f3wna","item":"https:\/\/saspow.edu.pl\/"},{"@type":"ListItem","position":2,"name":"Ma\u0142opolski Projekt Wspierania Uczni\u00f3w"}]},{"@type":"WebSite","@id":"https:\/\/saspow.edu.pl\/#website","url":"https:\/\/saspow.edu.pl\/","name":"Zesp\u00f3\u0142 Szkolno-Przedszkolny w S\u0105spowie","description":"Zesp&oacute;\u0142 Szkolno-Przedszkolny w S\u0105spowie","publisher":{"@id":"https:\/\/saspow.edu.pl\/#organization"},"potentialAction":[{"@type":"SearchAction","target":{"@type":"EntryPoint","urlTemplate":"https:\/\/saspow.edu.pl\/?s={search_term_string}"},"query-input":{"@type":"PropertyValueSpecification","valueRequired":true,"valueName":"search_term_string"}}],"inLanguage":"pl-PL"},{"@type":"Organization","@id":"https:\/\/saspow.edu.pl\/#organization","name":"Zesp\u00f3\u0142 Szkolno-Przedszkolny w S\u0105spowie","url":"https:\/\/saspow.edu.pl\/","logo":{"@type":"ImageObject","inLanguage":"pl-PL","@id":"https:\/\/saspow.edu.pl\/#\/schema\/logo\/image\/","url":"https:\/\/saspow.edu.pl\/wp-content\/uploads\/2025\/09\/250.png","contentUrl":"https:\/\/saspow.edu.pl\/wp-content\/uploads\/2025\/09\/250.png","width":250,"height":97,"caption":"Zesp\u00f3\u0142 Szkolno-Przedszkolny w S\u0105spowie"},"image":{"@id":"https:\/\/saspow.edu.pl\/#\/schema\/logo\/image\/"},"sameAs":["https:\/\/www.facebook.com\/profile.php?id=100057595683178"]}]}},"_links":{"self":[{"href":"https:\/\/saspow.edu.pl\/index.php\/wp-json\/wp\/v2\/pages\/305","targetHints":{"allow":["GET"]}}],"collection":[{"href":"https:\/\/saspow.edu.pl\/index.php\/wp-json\/wp\/v2\/pages"}],"about":[{"href":"https:\/\/saspow.edu.pl\/index.php\/wp-json\/wp\/v2\/types\/page"}],"author":[{"embeddable":true,"href":"https:\/\/saspow.edu.pl\/index.php\/wp-json\/wp\/v2\/users\/2"}],"replies":[{"embeddable":true,"href":"https:\/\/saspow.edu.pl\/index.php\/wp-json\/wp\/v2\/comments?post=305"}],"version-history":[{"count":25,"href":"https:\/\/saspow.edu.pl\/index.php\/wp-json\/wp\/v2\/pages\/305\/revisions"}],"predecessor-version":[{"id":1069,"href":"https:\/\/saspow.edu.pl\/index.php\/wp-json\/wp\/v2\/pages\/305\/revisions\/1069"}],"wp:attachment":[{"href":"https:\/\/saspow.edu.pl\/index.php\/wp-json\/wp\/v2\/media?parent=305"}],"curies":[{"name":"wp","href":"https:\/\/api.w.org\/{rel}","templated":true}]}}