{"id":189,"date":"2025-05-08T15:58:51","date_gmt":"2025-05-08T15:58:51","guid":{"rendered":"https:\/\/saspow.wer.com.pl\/?page_id=189"},"modified":"2025-05-08T15:58:51","modified_gmt":"2025-05-08T15:58:51","slug":"kontakt","status":"publish","type":"page","link":"https:\/\/saspow.edu.pl\/index.php\/kontakt\/","title":{"rendered":"Kontakt"},"content":{"rendered":"<div class=\"wpb-content-wrapper\"><p>[vc_row][vc_column][vc_single_image image=&#8221;198&#8243; img_size=&#8221;full&#8221; alignment=&#8221;center&#8221; css=&#8221;&#8221;]<div class=\"ult-spacer spacer-69e5edd3be7f9\" data-id=\"69e5edd3be7f9\" data-height=\"10\" data-height-mobile=\"10\" data-height-tab=\"10\" data-height-tab-portrait=\"\" data-height-mobile-landscape=\"\" style=\"clear:both;display:block;\"><\/div>[\/vc_column][\/vc_row][vc_row][vc_column width=&#8221;1\/2&#8243;]<div class=\"uavc-list-icon uavc-list-icon-wrapper ult-adjust-bottom-margin   \"><ul class=\"uavc-list\"><li><div class=\"uavc-list-content\" id=\"list-icon-wrap-5524\">\n<div class=\"uavc-list-icon  \" data-animation=\"\" data-animation-delay=\"03\" style=\"margin-right:35px;\"><div class=\"ult-just-icon-wrapper  \"><div class=\"align-icon\" style=\"text-align:center;\">\n<div class=\"aio-icon circle \"  style=\"color:#426B25;background:#CBD9C0;font-size:25px;display:inline-block;\">\n\t<i class=\"icomoon-the7-font-the7-home-00\"><\/i>\n<\/div><\/div><\/div>\n<\/div><span  data-ultimate-target='#list-icon-wrap-5524 .uavc-list-desc'  data-responsive-json-new='{\"font-size\":\"\",\"line-height\":\"\"}'  class=\"uavc-list-desc ult-responsive\" style=\"\"><strong><span id=\"contact_DFText_1-73c2a2b94ffa6b0fabf50b64743576d836169779\" class=\"skgd skgdli-contact_ListItem_1-contact_DFText_1\" data-sgid=\"contact_DFText_1-73c2a2b94ffa6b0fabf50b64743576d836169779\">Nazwa szko\u0142y<\/span><\/strong><\/p>\n<p><span id=\"contact_DFText_2-73c2a2b94ffa6b0fabf50b64743576d836169779\" class=\"skgd skgdli-contact_ListItem_1-contact_DFText_2\" data-sgid=\"contact_DFText_2-73c2a2b94ffa6b0fabf50b64743576d836169779\">Zesp\u00f3\u0142 Szkolno-Przedszkolny w S\u0105spowie Szko\u0142a Podstawowa i Przedszkole im. Powsta\u0144c\u00f3w Styczniowych w S\u0105spowie<\/span><\/span><\/div><\/li><li><div class=\"uavc-list-content\" id=\"list-icon-wrap-4779\">\n<div class=\"uavc-list-icon  \" data-animation=\"\" data-animation-delay=\"03\" style=\"margin-right:35px;\"><div class=\"ult-just-icon-wrapper  \"><div class=\"align-icon\" style=\"text-align:center;\">\n<div class=\"aio-icon circle \"  style=\"color:#426B25;background:#CBD9C0;font-size:25px;display:inline-block;\">\n\t<i class=\"icomoon-the7-font-the7-mail-011\"><\/i>\n<\/div><\/div><\/div>\n<\/div><span  data-ultimate-target='#list-icon-wrap-4779 .uavc-list-desc'  data-responsive-json-new='{\"font-size\":\"\",\"line-height\":\"\"}'  class=\"uavc-list-desc ult-responsive\" style=\"\"><strong><span id=\"contact_DFText_1-51e79300bff25fea298af62c43db95eabe2d34a8\" class=\"skgd skgdli-contact_ListItem_1-contact_DFText_1\" data-sgid=\"contact_DFText_1-51e79300bff25fea298af62c43db95eabe2d34a8\">E-mail szko\u0142y<\/span><\/strong><\/p>\n<p><span id=\"contact_DFText_2-51e79300bff25fea298af62c43db95eabe2d34a8\" class=\"skgd skgdli-contact_ListItem_1-contact_DFText_2\" data-sgid=\"contact_DFText_2-51e79300bff25fea298af62c43db95eabe2d34a8\">sekretariat@saspow.edu.pl<\/span><\/span><\/div><\/li><li><div class=\"uavc-list-content\" id=\"list-icon-wrap-4667\">\n<div class=\"uavc-list-icon  \" data-animation=\"\" data-animation-delay=\"03\" style=\"margin-right:35px;\"><div class=\"ult-just-icon-wrapper  \"><div class=\"align-icon\" style=\"text-align:center;\">\n<div class=\"aio-icon circle \"  style=\"color:#426B25;background:#CBD9C0;font-size:25px;display:inline-block;\">\n\t<i class=\"icomoon-the7-font-the7-mail-011\"><\/i>\n<\/div><\/div><\/div>\n<\/div><span  data-ultimate-target='#list-icon-wrap-4667 .uavc-list-desc'  data-responsive-json-new='{\"font-size\":\"\",\"line-height\":\"\"}'  class=\"uavc-list-desc ult-responsive\" style=\"\"><strong><span id=\"contact_DFText_1-51e79300bff25fea298af62c43db95eabe2d34a8\" class=\"skgd skgdli-contact_ListItem_1-contact_DFText_1\" data-sgid=\"contact_DFText_1-51e79300bff25fea298af62c43db95eabe2d34a8\">E-mail administratora strony<\/span><\/strong><\/p>\n<p><span id=\"contact_DFText_2-51e79300bff25fea298af62c43db95eabe2d34a8\" class=\"skgd skgdli-contact_ListItem_1-contact_DFText_2\" data-sgid=\"contact_DFText_2-51e79300bff25fea298af62c43db95eabe2d34a8\">sekretariat@saspow.edu.pl<\/span><\/span><\/div><\/li><li><div class=\"uavc-list-content\" id=\"list-icon-wrap-2168\">\n<div class=\"uavc-list-icon  \" data-animation=\"\" data-animation-delay=\"03\" style=\"margin-right:35px;\"><div class=\"ult-just-icon-wrapper  \"><div class=\"align-icon\" style=\"text-align:center;\">\n<div class=\"aio-icon circle \"  style=\"color:#426B25;background:#CBD9C0;font-size:25px;display:inline-block;\">\n\t<i class=\"icomoon-the7-font-the7-phone-041\"><\/i>\n<\/div><\/div><\/div>\n<\/div><span  data-ultimate-target='#list-icon-wrap-2168 .uavc-list-desc'  data-responsive-json-new='{\"font-size\":\"\",\"line-height\":\"\"}'  class=\"uavc-list-desc ult-responsive\" style=\"\"><strong><span id=\"contact_DFText_1-95d923b16b6d1672ccfb7659f685bc6b53054eae\" class=\"skgd skgdli-contact_ListItem_1-contact_DFText_1\" data-sgid=\"contact_DFText_1-95d923b16b6d1672ccfb7659f685bc6b53054eae\">G\u0142\u00f3wny telefon<\/span><\/strong><\/p>\n<p><span id=\"contact_DFText_2-95d923b16b6d1672ccfb7659f685bc6b53054eae\" class=\"skgd skgdli-contact_ListItem_1-contact_DFText_2\" data-sgid=\"contact_DFText_2-95d923b16b6d1672ccfb7659f685bc6b53054eae\">12 38 95 025<\/span><\/span><\/div><\/li><li><div class=\"uavc-list-content\" id=\"list-icon-wrap-7989\">\n<div class=\"uavc-list-icon  \" data-animation=\"\" data-animation-delay=\"03\" style=\"margin-right:35px;\"><div class=\"ult-just-icon-wrapper  \"><div class=\"align-icon\" style=\"text-align:center;\">\n<div class=\"aio-icon circle \"  style=\"color:#426B25;background:#CBD9C0;font-size:25px;display:inline-block;\">\n\t<i class=\"icomoon-the7-font-the7-map-02\"><\/i>\n<\/div><\/div><\/div>\n<\/div><span  data-ultimate-target='#list-icon-wrap-7989 .uavc-list-desc'  data-responsive-json-new='{\"font-size\":\"\",\"line-height\":\"\"}'  class=\"uavc-list-desc ult-responsive\" style=\"\"><strong><span id=\"contact_DFText_1-cc3ccf6ce5e38d3ac967b813ac6598b068d11219\" class=\"skgd skgdli-contact_ListItem_1-contact_DFText_1\" data-sgid=\"contact_DFText_1-cc3ccf6ce5e38d3ac967b813ac6598b068d11219\">Adres szko\u0142y<\/span><\/strong><\/p>\n<p><span id=\"contact_DFText_2-cc3ccf6ce5e38d3ac967b813ac6598b068d11219\" class=\"skgd skgdli-contact_ListItem_1-contact_DFText_2\" data-sgid=\"contact_DFText_2-cc3ccf6ce5e38d3ac967b813ac6598b068d11219\">S\u0105sp\u00f3w 32<br \/>\n32-048 Jerzmanowice<br \/>\nPolska<\/span><\/span><\/div><\/li><li><div class=\"uavc-list-content\" id=\"list-icon-wrap-2819\">\n<div class=\"uavc-list-icon  \" data-animation=\"\" data-animation-delay=\"03\" style=\"margin-right:35px;\"><div class=\"ult-just-icon-wrapper  \"><div class=\"align-icon\" style=\"text-align:center;\">\n<div class=\"aio-icon circle \"  style=\"color:#426B25;background:#CBD9C0;font-size:25px;display:inline-block;\">\n\t<i class=\"icomoon-the7-font-the7-login-02\"><\/i>\n<\/div><\/div><\/div>\n<\/div><span  data-ultimate-target='#list-icon-wrap-2819 .uavc-list-desc'  data-responsive-json-new='{\"font-size\":\"\",\"line-height\":\"\"}'  class=\"uavc-list-desc ult-responsive\" style=\"\"><strong><span id=\"contact_DFText_1-123311e335628b37958675d8349a67bbf4c95399\" class=\"skgd skgdli-contact_ListItem_1-contact_DFText_1\" data-sgid=\"contact_DFText_1-123311e335628b37958675d8349a67bbf4c95399\">Dyrektor<\/span><\/strong><\/p>\n<p><span id=\"contact_DFText_2-123311e335628b37958675d8349a67bbf4c95399\" class=\"skgd skgdli-contact_ListItem_1-contact_DFText_2\" data-sgid=\"contact_DFText_2-123311e335628b37958675d8349a67bbf4c95399\">Ma\u0142gorzata Bigaj<\/span><\/span><\/div><\/li><\/ul><\/div>[\/vc_column][vc_column width=&#8221;1\/2&#8243;][vc_goo_maps location=&#8221;6QGV+R75 S\u0105sp\u00f3w&#8221; height=&#8221;400&#8243; css=&#8221;&#8221;][\/vc_column][\/vc_row][vc_row][vc_column][vc_separator border_width=&#8221;2&#8243; css=&#8221;&#8221;][vc_custom_heading text=&#8221;Przetwarzanie danych osobowych&#8221; font_container=&#8221;tag:h2|text_align:left|color:%233B671B&#8221; google_fonts=&#8221;font_family:Lobster%3Aregular|font_style:400%20regular%3A400%3Anormal&#8221; css=&#8221;&#8221;][vc_column_text css=&#8221;&#8221;]Wysy\u0142aj\u0105c wiadomo\u015bci wyra\u017caj\u0105 Pa\u0144stwo zgod\u0119 na przetwarzanie danych osobowych przez Zesp\u00f3\u0142 Szkolno-Przedszkolny w S\u0105spowie w celu kontaktu i udzielenia odpowiedzi na wiadomo\u015b\u0107 przes\u0142an\u0105 za po\u015brednictwem formularza kontaktowego&#8221;.<\/p>\n<p><strong>Obowi\u0105zek informacyjny<\/strong><\/p>\n<p>ADMINISTRATOR DANYCH<br \/>\nZgodnie z\u00a0art. 13\u00a0i\u00a014\u00a0rozporz\u0105dzenia Parlamentu Europejskiego i\u00a0Rady (UE) 2016\/679 z\u00a0dnia 27\u00a0kwietnia 2016 r. w sprawie ochrony os\u00f3b fizycznych w zwi\u0105zku z\u00a0przetwarzaniem danych osobowych i\u00a0w sprawie swobodnego przep\u0142ywu takich danych oraz uchylenia dyrektywy 95\/46\/WE (og\u00f3lne rozporz\u0105dzenie o\u00a0ochronie danych) (Dz. Urz. UE L 119 z\u00a004.05.2016, str. 1), dalej \u201eRODO\u201d, informujemy, \u017ce administratorem Pa\u0144stwa danych osobowych jest Zesp\u00f3\u0142 Szkolno Przedszkolny w S\u0105spowie, S\u0105sp\u00f3w 32, 32-048 Jerzmanowice, tel\/fax. 12\u00a038\u00a095\u00a0025, e-mail: sekretariat@saspow.edu.pl.<br \/>\nINSPEKTOR OCHRONY DANYCH<br \/>\nWe wszelkich sprawach zwi\u0105zanych z\u00a0przetwarzaniem danych osobowych przez Administratora Danych mo\u017cna uzyska\u0107 informacj\u0119, kontaktuj\u0105c si\u0119 z\u00a0Inspektorem Ochrony Danych za\u00a0po\u015brednictwem poczty elektronicznej, przesy\u0142aj\u0105c informacj\u0119 na\u00a0adres e-mail: angelika@informatics.jaworzno.pl lub listownie i\u00a0osobi\u015bcie pod\u00a0adresem siedziby Administratora Danych.<br \/>\nCEL PRZETWARZANIA DANYCH OSOBOWYCH<br \/>\nDane s\u0105 przetwarzane w celu odpowiedzi na\u00a0Pa\u0144stwa zapytanie przes\u0142ane poprzez formularz kontaktowy oraz marketingu bezpo\u015bredniego.<br \/>\nOKRES PRZECHOWYWANIA DANYCH<br \/>\nDane osobowe b\u0119d\u0105 przechowywane do\u00a0odwo\u0142ania Pa\u0144stwa zgody.<br \/>\nODBIORCY DANYCH<br \/>\nDost\u0119p do\u00a0danych b\u0119d\u0105 mia\u0142y osoby pracuj\u0105ce i\u00a0wsp\u00f3\u0142pracuj\u0105ce z\u00a0Administratorem danych w zakresie realizacji na\u00a0Pa\u0144stwa rzecz us\u0142ug oraz podmioty realizuj\u0105ce us\u0142ugi na\u00a0rzecz Administratora danych. Pa\u0144stwa dane w przypadkach \u015bci\u015ble okre\u015blonych przepisami prawa mog\u0105 zosta\u0107 ujawnione poprzez przes\u0142anie uprawnionym podmiotom.<br \/>\nPRZEKAZYWANIE DANYCH OSOBOWYCH POZA OBSZAR EOG<br \/>\nAdministrator danych nie zamierza przekazywa\u0107 Pa\u0144stwa danych poza obszar Europejskiego Obszaru Gospodarczego (tj. obszar obejmuj\u0105cy kraje Unii Europejskiej, Norwegi\u0119, Liechtenstein i\u00a0Islandi\u0119).<br \/>\nPRAWA OSOBY, KT\u00d3REJ DANE DOTYCZ\u0104<br \/>\nInformujemy, \u017ce przys\u0142uguj\u0105 Pa\u0144stwu nast\u0119puj\u0105ce prawa dotycz\u0105ce danych osobowych: 1)\u00a0dost\u0119pu do\u00a0danych osobowych, 2)\u00a0sprostowania lub uzupe\u0142niania danych osobowych, 3)\u00a0ograniczenia przetwarzania danych, 4)\u00a0usuni\u0119cia danych, o\u00a0ile przepisy prawa nie obliguj\u0105 Administratora do\u00a0ich dalszego przetwarzania, 5)\u00a0przeniesienia danych osobowych, 6)\u00a0prawo do\u00a0cofni\u0119cia zgody w dowolnym momencie, gdy przetwarzanie danych odbywa si\u0119, w oparciu o\u00a0wyra\u017con\u0105 zgod\u0119, 7)\u00a0wniesienia sprzeciwu wobec przetwarzania Pa\u0144stwa danych oraz z\u00a0przyczyn zwi\u0105zanych z\u00a0Pa\u0144stwa szczeg\u00f3ln\u0105 sytuacj\u0105; wniesienia skargi do\u00a0organu nadzorczego \u2013 Prezesa Urz\u0119du Ochrony Danych Osobowych, ul. Stawki 2,\u00a000-193 Warszawa,<br \/>\nPODSTAWA PODANIA DANYCH OSOBOWYCH<br \/>\nPodanie przez Pa\u0144stwa danych osobowych jest dobrowolne, jednak\u017ce niezb\u0119dne do\u00a0udzielenia odpowiedzi na\u00a0wiadomo\u015b\u0107 przes\u0142an\u0105 za\u00a0po\u015brednictwem formularza kontaktowego.<br \/>\nINFORMACJA O\u00a0ZAUTOMATYZOWANYM PODEJMOWANIU DECYZJI<br \/>\nPa\u0144stwa dane je\u017celi b\u0119d\u0105 przetwarzane w spos\u00f3b zautomatyzowany, w tym r\u00f3wnie\u017c profilowane, to tylko wy\u0142\u0105cznie na\u00a0podstawie Pa\u0144stwa dobrowolnej zgody.[\/vc_column_text][\/vc_column][\/vc_row]<\/p>\n<\/div>","protected":false},"excerpt":{"rendered":"<p>[vc_row][vc_column][vc_single_image image=&#8221;198&#8243; img_size=&#8221;full&#8221; alignment=&#8221;center&#8221; css=&#8221;&#8221;][\/vc_column][\/vc_row][vc_row][vc_column width=&#8221;1\/2&#8243;][\/vc_column][vc_column width=&#8221;1\/2&#8243;][vc_goo_maps location=&#8221;6QGV+R75 S\u0105sp\u00f3w&#8221; height=&#8221;400&#8243; css=&#8221;&#8221;][\/vc_column][\/vc_row][vc_row][vc_column][vc_separator border_width=&#8221;2&#8243; css=&#8221;&#8221;][vc_custom_heading text=&#8221;Przetwarzanie danych osobowych&#8221; font_container=&#8221;tag:h2|text_align:left|color:%233B671B&#8221; google_fonts=&#8221;font_family:Lobster%3Aregular|font_style:400%20regular%3A400%3Anormal&#8221; css=&#8221;&#8221;][vc_column_text css=&#8221;&#8221;]Wysy\u0142aj\u0105c wiadomo\u015bci wyra\u017caj\u0105 Pa\u0144stwo zgod\u0119 na przetwarzanie danych osobowych przez Zesp\u00f3\u0142 Szkolno-Przedszkolny w S\u0105spowie w celu kontaktu i udzielenia odpowiedzi na wiadomo\u015b\u0107 przes\u0142an\u0105 za po\u015brednictwem formularza kontaktowego&#8221;. Obowi\u0105zek informacyjny ADMINISTRATOR DANYCH Zgodnie z\u00a0art. 13\u00a0i\u00a014\u00a0rozporz\u0105dzenia Parlamentu Europejskiego&hellip;<\/p>\n","protected":false},"author":1,"featured_media":0,"parent":0,"menu_order":0,"comment_status":"closed","ping_status":"closed","template":"","meta":{"footnotes":""},"class_list":["post-189","page","type-page","status-publish","hentry","description-off"],"yoast_head":"<!-- This site is optimized with the Yoast SEO plugin v27.4 - https:\/\/yoast.com\/product\/yoast-seo-wordpress\/ -->\n<title>Kontakt - Zesp&oacute;\u0142 Szkolno-Przedszkolny w S\u0105spowie<\/title>\n<meta name=\"robots\" content=\"index, follow, max-snippet:-1, max-image-preview:large, max-video-preview:-1\" \/>\n<link rel=\"canonical\" href=\"https:\/\/saspow.edu.pl\/index.php\/kontakt\/\" \/>\n<meta property=\"og:locale\" content=\"pl_PL\" \/>\n<meta property=\"og:type\" content=\"article\" \/>\n<meta property=\"og:title\" content=\"Kontakt - Zesp&oacute;\u0142 Szkolno-Przedszkolny w S\u0105spowie\" \/>\n<meta property=\"og:description\" content=\"[vc_row][vc_column][vc_single_image image=&#8221;198&#8243; img_size=&#8221;full&#8221; alignment=&#8221;center&#8221; css=&#8221;&#8221;][\/vc_column][\/vc_row][vc_row][vc_column width=&#8221;1\/2&#8243;][\/vc_column][vc_column width=&#8221;1\/2&#8243;][vc_goo_maps location=&#8221;6QGV+R75 S\u0105sp\u00f3w&#8221; height=&#8221;400&#8243; css=&#8221;&#8221;][\/vc_column][\/vc_row][vc_row][vc_column][vc_separator border_width=&#8221;2&#8243; css=&#8221;&#8221;][vc_custom_heading text=&#8221;Przetwarzanie danych osobowych&#8221; font_container=&#8221;tag:h2|text_align:left|color:%233B671B&#8221; google_fonts=&#8221;font_family:Lobster%3Aregular|font_style:400%20regular%3A400%3Anormal&#8221; css=&#8221;&#8221;][vc_column_text css=&#8221;&#8221;]Wysy\u0142aj\u0105c wiadomo\u015bci wyra\u017caj\u0105 Pa\u0144stwo zgod\u0119 na przetwarzanie danych osobowych przez Zesp\u00f3\u0142 Szkolno-Przedszkolny w S\u0105spowie w celu kontaktu i udzielenia odpowiedzi na wiadomo\u015b\u0107 przes\u0142an\u0105 za po\u015brednictwem formularza kontaktowego&#8221;. Obowi\u0105zek informacyjny ADMINISTRATOR DANYCH Zgodnie z\u00a0art. 13\u00a0i\u00a014\u00a0rozporz\u0105dzenia Parlamentu Europejskiego&hellip;\" \/>\n<meta property=\"og:url\" content=\"https:\/\/saspow.edu.pl\/index.php\/kontakt\/\" \/>\n<meta property=\"og:site_name\" content=\"Zesp&oacute;\u0142 Szkolno-Przedszkolny w S\u0105spowie\" \/>\n<meta property=\"article:publisher\" content=\"https:\/\/www.facebook.com\/profile.php?id=100057595683178\" \/>\n<meta name=\"twitter:card\" content=\"summary_large_image\" \/>\n<meta name=\"twitter:label1\" content=\"Szacowany czas czytania\" \/>\n\t<meta name=\"twitter:data1\" content=\"4 minuty\" \/>\n<script type=\"application\/ld+json\" class=\"yoast-schema-graph\">{\"@context\":\"https:\\\/\\\/schema.org\",\"@graph\":[{\"@type\":\"WebPage\",\"@id\":\"https:\\\/\\\/saspow.edu.pl\\\/index.php\\\/kontakt\\\/\",\"url\":\"https:\\\/\\\/saspow.edu.pl\\\/index.php\\\/kontakt\\\/\",\"name\":\"Kontakt - Zesp&oacute;\u0142 Szkolno-Przedszkolny w S\u0105spowie\",\"isPartOf\":{\"@id\":\"https:\\\/\\\/saspow.edu.pl\\\/#website\"},\"datePublished\":\"2025-05-08T15:58:51+00:00\",\"breadcrumb\":{\"@id\":\"https:\\\/\\\/saspow.edu.pl\\\/index.php\\\/kontakt\\\/#breadcrumb\"},\"inLanguage\":\"pl-PL\",\"potentialAction\":[{\"@type\":\"ReadAction\",\"target\":[\"https:\\\/\\\/saspow.edu.pl\\\/index.php\\\/kontakt\\\/\"]}]},{\"@type\":\"BreadcrumbList\",\"@id\":\"https:\\\/\\\/saspow.edu.pl\\\/index.php\\\/kontakt\\\/#breadcrumb\",\"itemListElement\":[{\"@type\":\"ListItem\",\"position\":1,\"name\":\"Strona g\u0142\u00f3wna\",\"item\":\"https:\\\/\\\/saspow.edu.pl\\\/\"},{\"@type\":\"ListItem\",\"position\":2,\"name\":\"Kontakt\"}]},{\"@type\":\"WebSite\",\"@id\":\"https:\\\/\\\/saspow.edu.pl\\\/#website\",\"url\":\"https:\\\/\\\/saspow.edu.pl\\\/\",\"name\":\"Zesp\u00f3\u0142 Szkolno-Przedszkolny w S\u0105spowie\",\"description\":\"Zesp&oacute;\u0142 Szkolno-Przedszkolny w S\u0105spowie\",\"publisher\":{\"@id\":\"https:\\\/\\\/saspow.edu.pl\\\/#organization\"},\"potentialAction\":[{\"@type\":\"SearchAction\",\"target\":{\"@type\":\"EntryPoint\",\"urlTemplate\":\"https:\\\/\\\/saspow.edu.pl\\\/?s={search_term_string}\"},\"query-input\":{\"@type\":\"PropertyValueSpecification\",\"valueRequired\":true,\"valueName\":\"search_term_string\"}}],\"inLanguage\":\"pl-PL\"},{\"@type\":\"Organization\",\"@id\":\"https:\\\/\\\/saspow.edu.pl\\\/#organization\",\"name\":\"Zesp\u00f3\u0142 Szkolno-Przedszkolny w S\u0105spowie\",\"url\":\"https:\\\/\\\/saspow.edu.pl\\\/\",\"logo\":{\"@type\":\"ImageObject\",\"inLanguage\":\"pl-PL\",\"@id\":\"https:\\\/\\\/saspow.edu.pl\\\/#\\\/schema\\\/logo\\\/image\\\/\",\"url\":\"https:\\\/\\\/saspow.edu.pl\\\/wp-content\\\/uploads\\\/2025\\\/09\\\/250.png\",\"contentUrl\":\"https:\\\/\\\/saspow.edu.pl\\\/wp-content\\\/uploads\\\/2025\\\/09\\\/250.png\",\"width\":250,\"height\":97,\"caption\":\"Zesp\u00f3\u0142 Szkolno-Przedszkolny w S\u0105spowie\"},\"image\":{\"@id\":\"https:\\\/\\\/saspow.edu.pl\\\/#\\\/schema\\\/logo\\\/image\\\/\"},\"sameAs\":[\"https:\\\/\\\/www.facebook.com\\\/profile.php?id=100057595683178\"]}]}<\/script>\n<!-- \/ Yoast SEO plugin. -->","yoast_head_json":{"title":"Kontakt - Zesp&oacute;\u0142 Szkolno-Przedszkolny w S\u0105spowie","robots":{"index":"index","follow":"follow","max-snippet":"max-snippet:-1","max-image-preview":"max-image-preview:large","max-video-preview":"max-video-preview:-1"},"canonical":"https:\/\/saspow.edu.pl\/index.php\/kontakt\/","og_locale":"pl_PL","og_type":"article","og_title":"Kontakt - Zesp&oacute;\u0142 Szkolno-Przedszkolny w S\u0105spowie","og_description":"[vc_row][vc_column][vc_single_image image=&#8221;198&#8243; img_size=&#8221;full&#8221; alignment=&#8221;center&#8221; css=&#8221;&#8221;][\/vc_column][\/vc_row][vc_row][vc_column width=&#8221;1\/2&#8243;][\/vc_column][vc_column width=&#8221;1\/2&#8243;][vc_goo_maps location=&#8221;6QGV+R75 S\u0105sp\u00f3w&#8221; height=&#8221;400&#8243; css=&#8221;&#8221;][\/vc_column][\/vc_row][vc_row][vc_column][vc_separator border_width=&#8221;2&#8243; css=&#8221;&#8221;][vc_custom_heading text=&#8221;Przetwarzanie danych osobowych&#8221; font_container=&#8221;tag:h2|text_align:left|color:%233B671B&#8221; google_fonts=&#8221;font_family:Lobster%3Aregular|font_style:400%20regular%3A400%3Anormal&#8221; css=&#8221;&#8221;][vc_column_text css=&#8221;&#8221;]Wysy\u0142aj\u0105c wiadomo\u015bci wyra\u017caj\u0105 Pa\u0144stwo zgod\u0119 na przetwarzanie danych osobowych przez Zesp\u00f3\u0142 Szkolno-Przedszkolny w S\u0105spowie w celu kontaktu i udzielenia odpowiedzi na wiadomo\u015b\u0107 przes\u0142an\u0105 za po\u015brednictwem formularza kontaktowego&#8221;. Obowi\u0105zek informacyjny ADMINISTRATOR DANYCH Zgodnie z\u00a0art. 13\u00a0i\u00a014\u00a0rozporz\u0105dzenia Parlamentu Europejskiego&hellip;","og_url":"https:\/\/saspow.edu.pl\/index.php\/kontakt\/","og_site_name":"Zesp&oacute;\u0142 Szkolno-Przedszkolny w S\u0105spowie","article_publisher":"https:\/\/www.facebook.com\/profile.php?id=100057595683178","twitter_card":"summary_large_image","twitter_misc":{"Szacowany czas czytania":"4 minuty"},"schema":{"@context":"https:\/\/schema.org","@graph":[{"@type":"WebPage","@id":"https:\/\/saspow.edu.pl\/index.php\/kontakt\/","url":"https:\/\/saspow.edu.pl\/index.php\/kontakt\/","name":"Kontakt - Zesp&oacute;\u0142 Szkolno-Przedszkolny w S\u0105spowie","isPartOf":{"@id":"https:\/\/saspow.edu.pl\/#website"},"datePublished":"2025-05-08T15:58:51+00:00","breadcrumb":{"@id":"https:\/\/saspow.edu.pl\/index.php\/kontakt\/#breadcrumb"},"inLanguage":"pl-PL","potentialAction":[{"@type":"ReadAction","target":["https:\/\/saspow.edu.pl\/index.php\/kontakt\/"]}]},{"@type":"BreadcrumbList","@id":"https:\/\/saspow.edu.pl\/index.php\/kontakt\/#breadcrumb","itemListElement":[{"@type":"ListItem","position":1,"name":"Strona g\u0142\u00f3wna","item":"https:\/\/saspow.edu.pl\/"},{"@type":"ListItem","position":2,"name":"Kontakt"}]},{"@type":"WebSite","@id":"https:\/\/saspow.edu.pl\/#website","url":"https:\/\/saspow.edu.pl\/","name":"Zesp\u00f3\u0142 Szkolno-Przedszkolny w S\u0105spowie","description":"Zesp&oacute;\u0142 Szkolno-Przedszkolny w S\u0105spowie","publisher":{"@id":"https:\/\/saspow.edu.pl\/#organization"},"potentialAction":[{"@type":"SearchAction","target":{"@type":"EntryPoint","urlTemplate":"https:\/\/saspow.edu.pl\/?s={search_term_string}"},"query-input":{"@type":"PropertyValueSpecification","valueRequired":true,"valueName":"search_term_string"}}],"inLanguage":"pl-PL"},{"@type":"Organization","@id":"https:\/\/saspow.edu.pl\/#organization","name":"Zesp\u00f3\u0142 Szkolno-Przedszkolny w S\u0105spowie","url":"https:\/\/saspow.edu.pl\/","logo":{"@type":"ImageObject","inLanguage":"pl-PL","@id":"https:\/\/saspow.edu.pl\/#\/schema\/logo\/image\/","url":"https:\/\/saspow.edu.pl\/wp-content\/uploads\/2025\/09\/250.png","contentUrl":"https:\/\/saspow.edu.pl\/wp-content\/uploads\/2025\/09\/250.png","width":250,"height":97,"caption":"Zesp\u00f3\u0142 Szkolno-Przedszkolny w S\u0105spowie"},"image":{"@id":"https:\/\/saspow.edu.pl\/#\/schema\/logo\/image\/"},"sameAs":["https:\/\/www.facebook.com\/profile.php?id=100057595683178"]}]}},"_links":{"self":[{"href":"https:\/\/saspow.edu.pl\/index.php\/wp-json\/wp\/v2\/pages\/189","targetHints":{"allow":["GET"]}}],"collection":[{"href":"https:\/\/saspow.edu.pl\/index.php\/wp-json\/wp\/v2\/pages"}],"about":[{"href":"https:\/\/saspow.edu.pl\/index.php\/wp-json\/wp\/v2\/types\/page"}],"author":[{"embeddable":true,"href":"https:\/\/saspow.edu.pl\/index.php\/wp-json\/wp\/v2\/users\/1"}],"replies":[{"embeddable":true,"href":"https:\/\/saspow.edu.pl\/index.php\/wp-json\/wp\/v2\/comments?post=189"}],"version-history":[{"count":0,"href":"https:\/\/saspow.edu.pl\/index.php\/wp-json\/wp\/v2\/pages\/189\/revisions"}],"wp:attachment":[{"href":"https:\/\/saspow.edu.pl\/index.php\/wp-json\/wp\/v2\/media?parent=189"}],"curies":[{"name":"wp","href":"https:\/\/api.w.org\/{rel}","templated":true}]}}