{"id":123,"date":"2025-05-08T13:12:06","date_gmt":"2025-05-08T13:12:06","guid":{"rendered":"https:\/\/saspow.wer.com.pl\/?page_id=123"},"modified":"2026-02-16T07:10:56","modified_gmt":"2026-02-16T07:10:56","slug":"psycholog-szkolny","status":"publish","type":"page","link":"https:\/\/saspow.edu.pl\/index.php\/psycholog-szkolny\/","title":{"rendered":"Psycholog i Pedagog"},"content":{"rendered":"<div class=\"wpb-content-wrapper\"><p>[vc_row][vc_column width=&#8221;1\/2&#8243;][vc_custom_heading text=&#8221;Ma\u0142gorzata Ku\u015bmierczyk-Latosek&#8221; font_container=&#8221;tag:h3|text_align:left|color:%23105900&#8243; google_fonts=&#8221;font_family:Lobster%3Aregular|font_style:400%20regular%3A400%3Anormal&#8221; css=&#8221;&#8221;][vc_column_text css=&#8221;&#8221;]<strong>Psycholog<\/strong>[\/vc_column_text][\/vc_column][vc_column width=&#8221;1\/2&#8243;]<div class=\"standard-arrow list-divider bullet-top\"><ul>\n<li style=\"text-align: left;\">Poniedzia\u0142ek\u00a0 <strong>10:30 &#8211; 14:00<\/strong><\/li>\n<li style=\"text-align: left;\">Wtorek\u00a0 \u00a0 \u00a0 \u00a0 \u00a0 \u00a0<strong>10:30 &#8211; 14:00<\/strong><\/li>\n<li style=\"text-align: left;\">\u015aroda\u00a0 \u00a0 \u00a0 \u00a0 \u00a0 \u00a0 \u00a0<strong>10:30 &#8211; 15:30<\/strong><\/li>\n<li style=\"text-align: left;\">Pi\u0105tek\u00a0 \u00a0 \u00a0 \u00a0 \u00a0 \u00a0 \u00a0<strong>8:50 &#8211; 12:50<\/strong><\/li>\n<\/ul>\n<\/div>[\/vc_column][\/vc_row][vc_row][vc_column][vc_separator css=&#8221;&#8221;][\/vc_column][\/vc_row][vc_row][vc_column width=&#8221;1\/2&#8243;][vc_custom_heading text=&#8221;Wioleta Kluczewska-Stach&#8221; font_container=&#8221;tag:h3|text_align:left|color:%23105900&#8243; google_fonts=&#8221;font_family:Lobster%3Aregular|font_style:400%20regular%3A400%3Anormal&#8221; css=&#8221;&#8221;][vc_column_text css=&#8221;&#8221;]<strong>Pedagog szkolny\/specjalny<\/strong>[\/vc_column_text][\/vc_column][vc_column width=&#8221;1\/2&#8243;]<div class=\"standard-arrow list-divider\"><ol>\n<li style=\"text-align: left;\">Poniedzia\u0142ek\u00a0 \u00a0 \u00a0<strong>7:30 \u2013 8:50\u00a0 \u00a0<\/strong><strong>9:35 \u2013 10:35\u00a0 \u00a011:20 &#8211; 12:20\u00a0 \u00a013:50-14:50\u00a0<\/strong><\/li>\n<li style=\"text-align: left;\">Wtorek\u00a0 \u00a0 \u00a0 \u00a0 \u00a0 \u00a0 \u00a0 <strong>7:30 \u2013 12:20\u00a0 \u00a013:20 \u2013 15:00<\/strong><\/li>\n<li style=\"text-align: left;\">\u015aroda \u00a0 <strong>\u00a0 \u00a0 \u00a0 \u00a0 \u00a0 \u00a0 \u00a07:30 \u2013 8:45\u00a0 \u00a011:20 &#8211; 12:00<\/strong><\/li>\n<li style=\"text-align: left;\">Czwartek <strong>\u00a0 \u00a0 \u00a0 \u00a0 \u00a07:30 \u2013 8:00\u00a0 \u00a08:45 &#8211; 10:35\u00a0 \u00a011:20- 12:00<\/strong><\/li>\n<li style=\"text-align: left;\">Pi\u0105tek <strong>\u00a0 \u00a0 \u00a0 \u00a0 \u00a0 \u00a0 \u00a0 7:30 \u2013 8:00\u00a0 \u00a011:20-12:00<\/strong><\/li>\n<\/ol>\n<\/div>[\/vc_column][\/vc_row]<\/p>\n<\/div>","protected":false},"excerpt":{"rendered":"<p>[vc_row][vc_column width=&#8221;1\/2&#8243;][vc_custom_heading text=&#8221;Ma\u0142gorzata Ku\u015bmierczyk-Latosek&#8221; font_container=&#8221;tag:h3|text_align:left|color:%23105900&#8243; google_fonts=&#8221;font_family:Lobster%3Aregular|font_style:400%20regular%3A400%3Anormal&#8221; css=&#8221;&#8221;][vc_column_text css=&#8221;&#8221;]Psycholog[\/vc_column_text][\/vc_column][vc_column width=&#8221;1\/2&#8243;][\/vc_column][\/vc_row][vc_row][vc_column][vc_separator css=&#8221;&#8221;][\/vc_column][\/vc_row][vc_row][vc_column width=&#8221;1\/2&#8243;][vc_custom_heading text=&#8221;Wioleta Kluczewska-Stach&#8221; font_container=&#8221;tag:h3|text_align:left|color:%23105900&#8243; google_fonts=&#8221;font_family:Lobster%3Aregular|font_style:400%20regular%3A400%3Anormal&#8221; css=&#8221;&#8221;][vc_column_text css=&#8221;&#8221;]Pedagog szkolny\/specjalny[\/vc_column_text][\/vc_column][vc_column width=&#8221;1\/2&#8243;][\/vc_column][\/vc_row]<\/p>\n","protected":false},"author":1,"featured_media":0,"parent":0,"menu_order":0,"comment_status":"closed","ping_status":"closed","template":"","meta":{"footnotes":""},"class_list":["post-123","page","type-page","status-publish","hentry","description-off"],"yoast_head":"<!-- This site is optimized with the Yoast SEO plugin v27.4 - https:\/\/yoast.com\/product\/yoast-seo-wordpress\/ -->\n<title>Psycholog i Pedagog - Zesp&oacute;\u0142 Szkolno-Przedszkolny w S\u0105spowie<\/title>\n<meta name=\"robots\" content=\"index, follow, max-snippet:-1, max-image-preview:large, max-video-preview:-1\" \/>\n<link rel=\"canonical\" href=\"https:\/\/saspow.edu.pl\/index.php\/psycholog-szkolny\/\" \/>\n<meta property=\"og:locale\" content=\"pl_PL\" \/>\n<meta property=\"og:type\" content=\"article\" \/>\n<meta property=\"og:title\" content=\"Psycholog i Pedagog - Zesp&oacute;\u0142 Szkolno-Przedszkolny w S\u0105spowie\" \/>\n<meta property=\"og:description\" content=\"[vc_row][vc_column width=&#8221;1\/2&#8243;][vc_custom_heading text=&#8221;Ma\u0142gorzata Ku\u015bmierczyk-Latosek&#8221; font_container=&#8221;tag:h3|text_align:left|color:%23105900&#8243; google_fonts=&#8221;font_family:Lobster%3Aregular|font_style:400%20regular%3A400%3Anormal&#8221; css=&#8221;&#8221;][vc_column_text css=&#8221;&#8221;]Psycholog[\/vc_column_text][\/vc_column][vc_column width=&#8221;1\/2&#8243;][\/vc_column][\/vc_row][vc_row][vc_column][vc_separator css=&#8221;&#8221;][\/vc_column][\/vc_row][vc_row][vc_column width=&#8221;1\/2&#8243;][vc_custom_heading text=&#8221;Wioleta Kluczewska-Stach&#8221; font_container=&#8221;tag:h3|text_align:left|color:%23105900&#8243; google_fonts=&#8221;font_family:Lobster%3Aregular|font_style:400%20regular%3A400%3Anormal&#8221; css=&#8221;&#8221;][vc_column_text css=&#8221;&#8221;]Pedagog szkolny\/specjalny[\/vc_column_text][\/vc_column][vc_column width=&#8221;1\/2&#8243;][\/vc_column][\/vc_row]\" \/>\n<meta property=\"og:url\" content=\"https:\/\/saspow.edu.pl\/index.php\/psycholog-szkolny\/\" \/>\n<meta property=\"og:site_name\" content=\"Zesp&oacute;\u0142 Szkolno-Przedszkolny w S\u0105spowie\" \/>\n<meta property=\"article:publisher\" content=\"https:\/\/www.facebook.com\/profile.php?id=100057595683178\" \/>\n<meta property=\"article:modified_time\" content=\"2026-02-16T07:10:56+00:00\" \/>\n<meta name=\"twitter:card\" content=\"summary_large_image\" \/>\n<meta name=\"twitter:label1\" content=\"Szacowany czas czytania\" \/>\n\t<meta name=\"twitter:data1\" content=\"1 minuta\" \/>\n<script type=\"application\/ld+json\" class=\"yoast-schema-graph\">{\"@context\":\"https:\\\/\\\/schema.org\",\"@graph\":[{\"@type\":\"WebPage\",\"@id\":\"https:\\\/\\\/saspow.edu.pl\\\/index.php\\\/psycholog-szkolny\\\/\",\"url\":\"https:\\\/\\\/saspow.edu.pl\\\/index.php\\\/psycholog-szkolny\\\/\",\"name\":\"Psycholog i Pedagog - Zesp&oacute;\u0142 Szkolno-Przedszkolny w S\u0105spowie\",\"isPartOf\":{\"@id\":\"https:\\\/\\\/saspow.edu.pl\\\/#website\"},\"datePublished\":\"2025-05-08T13:12:06+00:00\",\"dateModified\":\"2026-02-16T07:10:56+00:00\",\"breadcrumb\":{\"@id\":\"https:\\\/\\\/saspow.edu.pl\\\/index.php\\\/psycholog-szkolny\\\/#breadcrumb\"},\"inLanguage\":\"pl-PL\",\"potentialAction\":[{\"@type\":\"ReadAction\",\"target\":[\"https:\\\/\\\/saspow.edu.pl\\\/index.php\\\/psycholog-szkolny\\\/\"]}]},{\"@type\":\"BreadcrumbList\",\"@id\":\"https:\\\/\\\/saspow.edu.pl\\\/index.php\\\/psycholog-szkolny\\\/#breadcrumb\",\"itemListElement\":[{\"@type\":\"ListItem\",\"position\":1,\"name\":\"Strona g\u0142\u00f3wna\",\"item\":\"https:\\\/\\\/saspow.edu.pl\\\/\"},{\"@type\":\"ListItem\",\"position\":2,\"name\":\"Psycholog i Pedagog\"}]},{\"@type\":\"WebSite\",\"@id\":\"https:\\\/\\\/saspow.edu.pl\\\/#website\",\"url\":\"https:\\\/\\\/saspow.edu.pl\\\/\",\"name\":\"Zesp\u00f3\u0142 Szkolno-Przedszkolny w S\u0105spowie\",\"description\":\"Zesp&oacute;\u0142 Szkolno-Przedszkolny w S\u0105spowie\",\"publisher\":{\"@id\":\"https:\\\/\\\/saspow.edu.pl\\\/#organization\"},\"potentialAction\":[{\"@type\":\"SearchAction\",\"target\":{\"@type\":\"EntryPoint\",\"urlTemplate\":\"https:\\\/\\\/saspow.edu.pl\\\/?s={search_term_string}\"},\"query-input\":{\"@type\":\"PropertyValueSpecification\",\"valueRequired\":true,\"valueName\":\"search_term_string\"}}],\"inLanguage\":\"pl-PL\"},{\"@type\":\"Organization\",\"@id\":\"https:\\\/\\\/saspow.edu.pl\\\/#organization\",\"name\":\"Zesp\u00f3\u0142 Szkolno-Przedszkolny w S\u0105spowie\",\"url\":\"https:\\\/\\\/saspow.edu.pl\\\/\",\"logo\":{\"@type\":\"ImageObject\",\"inLanguage\":\"pl-PL\",\"@id\":\"https:\\\/\\\/saspow.edu.pl\\\/#\\\/schema\\\/logo\\\/image\\\/\",\"url\":\"https:\\\/\\\/saspow.edu.pl\\\/wp-content\\\/uploads\\\/2025\\\/09\\\/250.png\",\"contentUrl\":\"https:\\\/\\\/saspow.edu.pl\\\/wp-content\\\/uploads\\\/2025\\\/09\\\/250.png\",\"width\":250,\"height\":97,\"caption\":\"Zesp\u00f3\u0142 Szkolno-Przedszkolny w S\u0105spowie\"},\"image\":{\"@id\":\"https:\\\/\\\/saspow.edu.pl\\\/#\\\/schema\\\/logo\\\/image\\\/\"},\"sameAs\":[\"https:\\\/\\\/www.facebook.com\\\/profile.php?id=100057595683178\"]}]}<\/script>\n<!-- \/ Yoast SEO plugin. -->","yoast_head_json":{"title":"Psycholog i Pedagog - Zesp&oacute;\u0142 Szkolno-Przedszkolny w S\u0105spowie","robots":{"index":"index","follow":"follow","max-snippet":"max-snippet:-1","max-image-preview":"max-image-preview:large","max-video-preview":"max-video-preview:-1"},"canonical":"https:\/\/saspow.edu.pl\/index.php\/psycholog-szkolny\/","og_locale":"pl_PL","og_type":"article","og_title":"Psycholog i Pedagog - Zesp&oacute;\u0142 Szkolno-Przedszkolny w S\u0105spowie","og_description":"[vc_row][vc_column width=&#8221;1\/2&#8243;][vc_custom_heading text=&#8221;Ma\u0142gorzata Ku\u015bmierczyk-Latosek&#8221; font_container=&#8221;tag:h3|text_align:left|color:%23105900&#8243; google_fonts=&#8221;font_family:Lobster%3Aregular|font_style:400%20regular%3A400%3Anormal&#8221; css=&#8221;&#8221;][vc_column_text css=&#8221;&#8221;]Psycholog[\/vc_column_text][\/vc_column][vc_column width=&#8221;1\/2&#8243;][\/vc_column][\/vc_row][vc_row][vc_column][vc_separator css=&#8221;&#8221;][\/vc_column][\/vc_row][vc_row][vc_column width=&#8221;1\/2&#8243;][vc_custom_heading text=&#8221;Wioleta Kluczewska-Stach&#8221; font_container=&#8221;tag:h3|text_align:left|color:%23105900&#8243; google_fonts=&#8221;font_family:Lobster%3Aregular|font_style:400%20regular%3A400%3Anormal&#8221; css=&#8221;&#8221;][vc_column_text css=&#8221;&#8221;]Pedagog szkolny\/specjalny[\/vc_column_text][\/vc_column][vc_column width=&#8221;1\/2&#8243;][\/vc_column][\/vc_row]","og_url":"https:\/\/saspow.edu.pl\/index.php\/psycholog-szkolny\/","og_site_name":"Zesp&oacute;\u0142 Szkolno-Przedszkolny w S\u0105spowie","article_publisher":"https:\/\/www.facebook.com\/profile.php?id=100057595683178","article_modified_time":"2026-02-16T07:10:56+00:00","twitter_card":"summary_large_image","twitter_misc":{"Szacowany czas czytania":"1 minuta"},"schema":{"@context":"https:\/\/schema.org","@graph":[{"@type":"WebPage","@id":"https:\/\/saspow.edu.pl\/index.php\/psycholog-szkolny\/","url":"https:\/\/saspow.edu.pl\/index.php\/psycholog-szkolny\/","name":"Psycholog i Pedagog - Zesp&oacute;\u0142 Szkolno-Przedszkolny w S\u0105spowie","isPartOf":{"@id":"https:\/\/saspow.edu.pl\/#website"},"datePublished":"2025-05-08T13:12:06+00:00","dateModified":"2026-02-16T07:10:56+00:00","breadcrumb":{"@id":"https:\/\/saspow.edu.pl\/index.php\/psycholog-szkolny\/#breadcrumb"},"inLanguage":"pl-PL","potentialAction":[{"@type":"ReadAction","target":["https:\/\/saspow.edu.pl\/index.php\/psycholog-szkolny\/"]}]},{"@type":"BreadcrumbList","@id":"https:\/\/saspow.edu.pl\/index.php\/psycholog-szkolny\/#breadcrumb","itemListElement":[{"@type":"ListItem","position":1,"name":"Strona g\u0142\u00f3wna","item":"https:\/\/saspow.edu.pl\/"},{"@type":"ListItem","position":2,"name":"Psycholog i Pedagog"}]},{"@type":"WebSite","@id":"https:\/\/saspow.edu.pl\/#website","url":"https:\/\/saspow.edu.pl\/","name":"Zesp\u00f3\u0142 Szkolno-Przedszkolny w S\u0105spowie","description":"Zesp&oacute;\u0142 Szkolno-Przedszkolny w S\u0105spowie","publisher":{"@id":"https:\/\/saspow.edu.pl\/#organization"},"potentialAction":[{"@type":"SearchAction","target":{"@type":"EntryPoint","urlTemplate":"https:\/\/saspow.edu.pl\/?s={search_term_string}"},"query-input":{"@type":"PropertyValueSpecification","valueRequired":true,"valueName":"search_term_string"}}],"inLanguage":"pl-PL"},{"@type":"Organization","@id":"https:\/\/saspow.edu.pl\/#organization","name":"Zesp\u00f3\u0142 Szkolno-Przedszkolny w S\u0105spowie","url":"https:\/\/saspow.edu.pl\/","logo":{"@type":"ImageObject","inLanguage":"pl-PL","@id":"https:\/\/saspow.edu.pl\/#\/schema\/logo\/image\/","url":"https:\/\/saspow.edu.pl\/wp-content\/uploads\/2025\/09\/250.png","contentUrl":"https:\/\/saspow.edu.pl\/wp-content\/uploads\/2025\/09\/250.png","width":250,"height":97,"caption":"Zesp\u00f3\u0142 Szkolno-Przedszkolny w S\u0105spowie"},"image":{"@id":"https:\/\/saspow.edu.pl\/#\/schema\/logo\/image\/"},"sameAs":["https:\/\/www.facebook.com\/profile.php?id=100057595683178"]}]}},"_links":{"self":[{"href":"https:\/\/saspow.edu.pl\/index.php\/wp-json\/wp\/v2\/pages\/123","targetHints":{"allow":["GET"]}}],"collection":[{"href":"https:\/\/saspow.edu.pl\/index.php\/wp-json\/wp\/v2\/pages"}],"about":[{"href":"https:\/\/saspow.edu.pl\/index.php\/wp-json\/wp\/v2\/types\/page"}],"author":[{"embeddable":true,"href":"https:\/\/saspow.edu.pl\/index.php\/wp-json\/wp\/v2\/users\/1"}],"replies":[{"embeddable":true,"href":"https:\/\/saspow.edu.pl\/index.php\/wp-json\/wp\/v2\/comments?post=123"}],"version-history":[{"count":6,"href":"https:\/\/saspow.edu.pl\/index.php\/wp-json\/wp\/v2\/pages\/123\/revisions"}],"predecessor-version":[{"id":967,"href":"https:\/\/saspow.edu.pl\/index.php\/wp-json\/wp\/v2\/pages\/123\/revisions\/967"}],"wp:attachment":[{"href":"https:\/\/saspow.edu.pl\/index.php\/wp-json\/wp\/v2\/media?parent=123"}],"curies":[{"name":"wp","href":"https:\/\/api.w.org\/{rel}","templated":true}]}}