{"id":1054,"date":"2026-02-26T12:15:13","date_gmt":"2026-02-26T12:15:13","guid":{"rendered":"https:\/\/saspow.edu.pl\/?page_id=1054"},"modified":"2026-02-26T12:16:44","modified_gmt":"2026-02-26T12:16:44","slug":"warsztaty-mpwu-ii","status":"publish","type":"page","link":"https:\/\/saspow.edu.pl\/index.php\/warsztaty-mpwu-ii\/","title":{"rendered":"Warsztaty MPWU II"},"content":{"rendered":"<div class=\"wpb-content-wrapper\"><p>[vc_row][vc_column][vc_column_text]<\/p>\n<p style=\"font-weight: 400;\">Sobotnie zaj\u0119cia stanowi\u0105 kluczowy element wsparcia dla zakwalifikowanych uczni\u00f3w klas II\u2013IV i V-VIII. Ich nadrz\u0119dnym celem jest holistyczne wspieranie rozwoju m\u0142odych talent\u00f3w, aby mogli oni w pe\u0142ni rozwin\u0105\u0107 swoje pasje i zainteresowania, a w efekcie osi\u0105ga\u0107 wyniki edukacyjne i osobiste na miar\u0119 ich faktycznego, wysokiego potencja\u0142u.<\/p>\n<p style=\"font-weight: 400;\">Warsztaty bazuj\u0105 na specjalnie opracowanych na potrzeby projektu scenariuszach metodycznych. Ka\u017cde spotkanie zosta\u0142o zaprojektowane tak, by \u0142\u0105czy\u0107 g\u0142\u0119bok\u0105 warto\u015b\u0107 edukacyjn\u0105 z anga\u017cuj\u0105c\u0105 form\u0105. Podczas tych interaktywnych spotka\u0144 uczniowie przede wszystkim aktywnie rozwijaj\u0105 kluczowe kompetencje przysz\u0142o\u015bci: ucz\u0105 si\u0119 efektywnej komunikacji, empatii oraz budowania pozytywnych relacji. Aktywnie pracuj\u0105 nad wzmocnieniem poczucia w\u0142asnej warto\u015bci i pewno\u015bci siebie. Ca\u0142y proces odbywa si\u0119 w atmosferze dobrej zabawy i eksperymentowania. Taka formu\u0142a daj\u0105c ka\u017cdemu uczestnikowi przestrze\u0144 do wykazania si\u0119 kreatywno\u015bci\u0105 i innowacyjnym my\u015bleniem, rozwini\u0119cia umiej\u0119tno\u015bci tw\u00f3rczego rozwi\u0105zywania problem\u00f3w i praktykowania efektywnej pracy zespo\u0142owej.<\/p>\n<p style=\"font-weight: 400;\">Dzi\u0119ki temu, sobota staje si\u0119 dniem intensywnego, ale radosnego rozwoju, kt\u00f3ry przek\u0142ada si\u0119 na sukcesy w szkole i poza ni\u0105.<\/p>\n<p style=\"font-weight: 400;\">Prowadz\u0105cy warsztaty : Ma\u0142gorzata Bigaj, Marzena \u0106wik<\/p>\n<p>[\/vc_column_text][\/vc_column][\/vc_row][vc_row][vc_column width=&#8221;1\/3&#8243;][vc_single_image image=&#8221;1055&#8243; img_size=&#8221;full&#8221;][vc_single_image image=&#8221;1059&#8243; img_size=&#8221;full&#8221; css=&#8221;&#8221;][\/vc_column][vc_column width=&#8221;1\/3&#8243;][vc_single_image image=&#8221;1057&#8243; img_size=&#8221;full&#8221;][vc_single_image image=&#8221;1056&#8243; img_size=&#8221;full&#8221; css=&#8221;&#8221;][\/vc_column][vc_column width=&#8221;1\/3&#8243;][vc_single_image image=&#8221;1058&#8243; img_size=&#8221;full&#8221;][\/vc_column][\/vc_row]<\/p>\n<\/div>","protected":false},"excerpt":{"rendered":"<p>[vc_row][vc_column][vc_column_text] Sobotnie zaj\u0119cia stanowi\u0105 kluczowy element wsparcia dla zakwalifikowanych uczni\u00f3w klas II\u2013IV i V-VIII. Ich nadrz\u0119dnym celem jest holistyczne wspieranie rozwoju m\u0142odych talent\u00f3w, aby mogli oni w pe\u0142ni rozwin\u0105\u0107 swoje pasje i zainteresowania, a w efekcie osi\u0105ga\u0107 wyniki edukacyjne i osobiste na miar\u0119 ich faktycznego, wysokiego potencja\u0142u. Warsztaty bazuj\u0105 na specjalnie opracowanych na potrzeby projektu&hellip;<\/p>\n","protected":false},"author":2,"featured_media":0,"parent":0,"menu_order":0,"comment_status":"closed","ping_status":"closed","template":"","meta":{"footnotes":""},"class_list":["post-1054","page","type-page","status-publish","hentry","description-off"],"yoast_head":"<!-- This site is optimized with the Yoast SEO plugin v27.4 - https:\/\/yoast.com\/product\/yoast-seo-wordpress\/ -->\n<title>Warsztaty MPWU II - Zesp&oacute;\u0142 Szkolno-Przedszkolny w S\u0105spowie<\/title>\n<meta name=\"robots\" content=\"index, follow, max-snippet:-1, max-image-preview:large, max-video-preview:-1\" \/>\n<link rel=\"canonical\" href=\"https:\/\/saspow.edu.pl\/index.php\/warsztaty-mpwu-ii\/\" \/>\n<meta property=\"og:locale\" content=\"pl_PL\" \/>\n<meta property=\"og:type\" content=\"article\" \/>\n<meta property=\"og:title\" content=\"Warsztaty MPWU II - Zesp&oacute;\u0142 Szkolno-Przedszkolny w S\u0105spowie\" \/>\n<meta property=\"og:description\" content=\"[vc_row][vc_column][vc_column_text] Sobotnie zaj\u0119cia stanowi\u0105 kluczowy element wsparcia dla zakwalifikowanych uczni\u00f3w klas II\u2013IV i V-VIII. Ich nadrz\u0119dnym celem jest holistyczne wspieranie rozwoju m\u0142odych talent\u00f3w, aby mogli oni w pe\u0142ni rozwin\u0105\u0107 swoje pasje i zainteresowania, a w efekcie osi\u0105ga\u0107 wyniki edukacyjne i osobiste na miar\u0119 ich faktycznego, wysokiego potencja\u0142u. Warsztaty bazuj\u0105 na specjalnie opracowanych na potrzeby projektu&hellip;\" \/>\n<meta property=\"og:url\" content=\"https:\/\/saspow.edu.pl\/index.php\/warsztaty-mpwu-ii\/\" \/>\n<meta property=\"og:site_name\" content=\"Zesp&oacute;\u0142 Szkolno-Przedszkolny w S\u0105spowie\" \/>\n<meta property=\"article:publisher\" content=\"https:\/\/www.facebook.com\/profile.php?id=100057595683178\" \/>\n<meta property=\"article:modified_time\" content=\"2026-02-26T12:16:44+00:00\" \/>\n<meta name=\"twitter:card\" content=\"summary_large_image\" \/>\n<meta name=\"twitter:label1\" content=\"Szacowany czas czytania\" \/>\n\t<meta name=\"twitter:data1\" content=\"3 minuty\" \/>\n<script type=\"application\/ld+json\" class=\"yoast-schema-graph\">{\"@context\":\"https:\\\/\\\/schema.org\",\"@graph\":[{\"@type\":\"WebPage\",\"@id\":\"https:\\\/\\\/saspow.edu.pl\\\/index.php\\\/warsztaty-mpwu-ii\\\/\",\"url\":\"https:\\\/\\\/saspow.edu.pl\\\/index.php\\\/warsztaty-mpwu-ii\\\/\",\"name\":\"Warsztaty MPWU II - Zesp&oacute;\u0142 Szkolno-Przedszkolny w S\u0105spowie\",\"isPartOf\":{\"@id\":\"https:\\\/\\\/saspow.edu.pl\\\/#website\"},\"datePublished\":\"2026-02-26T12:15:13+00:00\",\"dateModified\":\"2026-02-26T12:16:44+00:00\",\"breadcrumb\":{\"@id\":\"https:\\\/\\\/saspow.edu.pl\\\/index.php\\\/warsztaty-mpwu-ii\\\/#breadcrumb\"},\"inLanguage\":\"pl-PL\",\"potentialAction\":[{\"@type\":\"ReadAction\",\"target\":[\"https:\\\/\\\/saspow.edu.pl\\\/index.php\\\/warsztaty-mpwu-ii\\\/\"]}]},{\"@type\":\"BreadcrumbList\",\"@id\":\"https:\\\/\\\/saspow.edu.pl\\\/index.php\\\/warsztaty-mpwu-ii\\\/#breadcrumb\",\"itemListElement\":[{\"@type\":\"ListItem\",\"position\":1,\"name\":\"Strona g\u0142\u00f3wna\",\"item\":\"https:\\\/\\\/saspow.edu.pl\\\/\"},{\"@type\":\"ListItem\",\"position\":2,\"name\":\"Warsztaty MPWU II\"}]},{\"@type\":\"WebSite\",\"@id\":\"https:\\\/\\\/saspow.edu.pl\\\/#website\",\"url\":\"https:\\\/\\\/saspow.edu.pl\\\/\",\"name\":\"Zesp\u00f3\u0142 Szkolno-Przedszkolny w S\u0105spowie\",\"description\":\"Zesp&oacute;\u0142 Szkolno-Przedszkolny w S\u0105spowie\",\"publisher\":{\"@id\":\"https:\\\/\\\/saspow.edu.pl\\\/#organization\"},\"potentialAction\":[{\"@type\":\"SearchAction\",\"target\":{\"@type\":\"EntryPoint\",\"urlTemplate\":\"https:\\\/\\\/saspow.edu.pl\\\/?s={search_term_string}\"},\"query-input\":{\"@type\":\"PropertyValueSpecification\",\"valueRequired\":true,\"valueName\":\"search_term_string\"}}],\"inLanguage\":\"pl-PL\"},{\"@type\":\"Organization\",\"@id\":\"https:\\\/\\\/saspow.edu.pl\\\/#organization\",\"name\":\"Zesp\u00f3\u0142 Szkolno-Przedszkolny w S\u0105spowie\",\"url\":\"https:\\\/\\\/saspow.edu.pl\\\/\",\"logo\":{\"@type\":\"ImageObject\",\"inLanguage\":\"pl-PL\",\"@id\":\"https:\\\/\\\/saspow.edu.pl\\\/#\\\/schema\\\/logo\\\/image\\\/\",\"url\":\"https:\\\/\\\/saspow.edu.pl\\\/wp-content\\\/uploads\\\/2025\\\/09\\\/250.png\",\"contentUrl\":\"https:\\\/\\\/saspow.edu.pl\\\/wp-content\\\/uploads\\\/2025\\\/09\\\/250.png\",\"width\":250,\"height\":97,\"caption\":\"Zesp\u00f3\u0142 Szkolno-Przedszkolny w S\u0105spowie\"},\"image\":{\"@id\":\"https:\\\/\\\/saspow.edu.pl\\\/#\\\/schema\\\/logo\\\/image\\\/\"},\"sameAs\":[\"https:\\\/\\\/www.facebook.com\\\/profile.php?id=100057595683178\"]}]}<\/script>\n<!-- \/ Yoast SEO plugin. -->","yoast_head_json":{"title":"Warsztaty MPWU II - Zesp&oacute;\u0142 Szkolno-Przedszkolny w S\u0105spowie","robots":{"index":"index","follow":"follow","max-snippet":"max-snippet:-1","max-image-preview":"max-image-preview:large","max-video-preview":"max-video-preview:-1"},"canonical":"https:\/\/saspow.edu.pl\/index.php\/warsztaty-mpwu-ii\/","og_locale":"pl_PL","og_type":"article","og_title":"Warsztaty MPWU II - Zesp&oacute;\u0142 Szkolno-Przedszkolny w S\u0105spowie","og_description":"[vc_row][vc_column][vc_column_text] Sobotnie zaj\u0119cia stanowi\u0105 kluczowy element wsparcia dla zakwalifikowanych uczni\u00f3w klas II\u2013IV i V-VIII. Ich nadrz\u0119dnym celem jest holistyczne wspieranie rozwoju m\u0142odych talent\u00f3w, aby mogli oni w pe\u0142ni rozwin\u0105\u0107 swoje pasje i zainteresowania, a w efekcie osi\u0105ga\u0107 wyniki edukacyjne i osobiste na miar\u0119 ich faktycznego, wysokiego potencja\u0142u. Warsztaty bazuj\u0105 na specjalnie opracowanych na potrzeby projektu&hellip;","og_url":"https:\/\/saspow.edu.pl\/index.php\/warsztaty-mpwu-ii\/","og_site_name":"Zesp&oacute;\u0142 Szkolno-Przedszkolny w S\u0105spowie","article_publisher":"https:\/\/www.facebook.com\/profile.php?id=100057595683178","article_modified_time":"2026-02-26T12:16:44+00:00","twitter_card":"summary_large_image","twitter_misc":{"Szacowany czas czytania":"3 minuty"},"schema":{"@context":"https:\/\/schema.org","@graph":[{"@type":"WebPage","@id":"https:\/\/saspow.edu.pl\/index.php\/warsztaty-mpwu-ii\/","url":"https:\/\/saspow.edu.pl\/index.php\/warsztaty-mpwu-ii\/","name":"Warsztaty MPWU II - Zesp&oacute;\u0142 Szkolno-Przedszkolny w S\u0105spowie","isPartOf":{"@id":"https:\/\/saspow.edu.pl\/#website"},"datePublished":"2026-02-26T12:15:13+00:00","dateModified":"2026-02-26T12:16:44+00:00","breadcrumb":{"@id":"https:\/\/saspow.edu.pl\/index.php\/warsztaty-mpwu-ii\/#breadcrumb"},"inLanguage":"pl-PL","potentialAction":[{"@type":"ReadAction","target":["https:\/\/saspow.edu.pl\/index.php\/warsztaty-mpwu-ii\/"]}]},{"@type":"BreadcrumbList","@id":"https:\/\/saspow.edu.pl\/index.php\/warsztaty-mpwu-ii\/#breadcrumb","itemListElement":[{"@type":"ListItem","position":1,"name":"Strona g\u0142\u00f3wna","item":"https:\/\/saspow.edu.pl\/"},{"@type":"ListItem","position":2,"name":"Warsztaty MPWU II"}]},{"@type":"WebSite","@id":"https:\/\/saspow.edu.pl\/#website","url":"https:\/\/saspow.edu.pl\/","name":"Zesp\u00f3\u0142 Szkolno-Przedszkolny w S\u0105spowie","description":"Zesp&oacute;\u0142 Szkolno-Przedszkolny w S\u0105spowie","publisher":{"@id":"https:\/\/saspow.edu.pl\/#organization"},"potentialAction":[{"@type":"SearchAction","target":{"@type":"EntryPoint","urlTemplate":"https:\/\/saspow.edu.pl\/?s={search_term_string}"},"query-input":{"@type":"PropertyValueSpecification","valueRequired":true,"valueName":"search_term_string"}}],"inLanguage":"pl-PL"},{"@type":"Organization","@id":"https:\/\/saspow.edu.pl\/#organization","name":"Zesp\u00f3\u0142 Szkolno-Przedszkolny w S\u0105spowie","url":"https:\/\/saspow.edu.pl\/","logo":{"@type":"ImageObject","inLanguage":"pl-PL","@id":"https:\/\/saspow.edu.pl\/#\/schema\/logo\/image\/","url":"https:\/\/saspow.edu.pl\/wp-content\/uploads\/2025\/09\/250.png","contentUrl":"https:\/\/saspow.edu.pl\/wp-content\/uploads\/2025\/09\/250.png","width":250,"height":97,"caption":"Zesp\u00f3\u0142 Szkolno-Przedszkolny w S\u0105spowie"},"image":{"@id":"https:\/\/saspow.edu.pl\/#\/schema\/logo\/image\/"},"sameAs":["https:\/\/www.facebook.com\/profile.php?id=100057595683178"]}]}},"_links":{"self":[{"href":"https:\/\/saspow.edu.pl\/index.php\/wp-json\/wp\/v2\/pages\/1054","targetHints":{"allow":["GET"]}}],"collection":[{"href":"https:\/\/saspow.edu.pl\/index.php\/wp-json\/wp\/v2\/pages"}],"about":[{"href":"https:\/\/saspow.edu.pl\/index.php\/wp-json\/wp\/v2\/types\/page"}],"author":[{"embeddable":true,"href":"https:\/\/saspow.edu.pl\/index.php\/wp-json\/wp\/v2\/users\/2"}],"replies":[{"embeddable":true,"href":"https:\/\/saspow.edu.pl\/index.php\/wp-json\/wp\/v2\/comments?post=1054"}],"version-history":[{"count":3,"href":"https:\/\/saspow.edu.pl\/index.php\/wp-json\/wp\/v2\/pages\/1054\/revisions"}],"predecessor-version":[{"id":1062,"href":"https:\/\/saspow.edu.pl\/index.php\/wp-json\/wp\/v2\/pages\/1054\/revisions\/1062"}],"wp:attachment":[{"href":"https:\/\/saspow.edu.pl\/index.php\/wp-json\/wp\/v2\/media?parent=1054"}],"curies":[{"name":"wp","href":"https:\/\/api.w.org\/{rel}","templated":true}]}}